{"id":5017,"date":"2022-05-20T14:23:17","date_gmt":"2022-05-20T12:23:17","guid":{"rendered":"https:\/\/peoplerelationsconsulting.com\/formacio\/"},"modified":"2026-01-05T12:11:40","modified_gmt":"2026-01-05T10:11:40","slug":"formacio","status":"publish","type":"page","link":"https:\/\/peoplerelationsconsulting.com\/ca\/formacio\/","title":{"rendered":"Formaci\u00f3"},"content":{"rendered":"\t\t<div data-elementor-type=\"wp-post\" data-elementor-id=\"5017\" class=\"elementor elementor-5017 elementor-1150\" data-elementor-post-type=\"page\">\n\t\t\t\t\t\t<section class=\"elementor-section elementor-top-section elementor-element elementor-element-341454d elementor-section-boxed elementor-section-height-default elementor-section-height-default\" data-id=\"341454d\" data-element_type=\"section\" data-e-type=\"section\">\n\t\t\t\t\t\t<div class=\"elementor-container elementor-column-gap-extended\">\n\t\t\t\t\t<div class=\"elementor-column elementor-col-100 elementor-top-column elementor-element elementor-element-0841421\" data-id=\"0841421\" data-element_type=\"column\" data-e-type=\"column\">\n\t\t\t<div class=\"elementor-widget-wrap elementor-element-populated\">\n\t\t\t\t\t\t<div class=\"elementor-element elementor-element-5eb126b elementor-widget-divider--view-line elementor-widget elementor-widget-divider\" data-id=\"5eb126b\" data-element_type=\"widget\" data-e-type=\"widget\" data-widget_type=\"divider.default\">\n\t\t\t\t\t\t\t<div class=\"elementor-divider\">\n\t\t\t<span class=\"elementor-divider-separator\">\n\t\t\t\t\t\t<\/span>\n\t\t<\/div>\n\t\t\t\t\t\t<\/div>\n\t\t\t\t<div class=\"elementor-element elementor-element-44b8b00 elementor-widget elementor-widget-heading\" data-id=\"44b8b00\" data-element_type=\"widget\" data-e-type=\"widget\" data-widget_type=\"heading.default\">\n\t\t\t\t\t<h2 class=\"elementor-heading-title elementor-size-default\">Formaci\u00f3 per a empreses a Barcelona<\/h2>\t\t\t\t<\/div>\n\t\t\t\t<section class=\"elementor-section elementor-inner-section elementor-element elementor-element-d0328de elementor-section-boxed elementor-section-height-default elementor-section-height-default\" data-id=\"d0328de\" data-element_type=\"section\" data-e-type=\"section\">\n\t\t\t\t\t\t<div class=\"elementor-container elementor-column-gap-no\">\n\t\t\t\t\t<div class=\"elementor-column elementor-col-50 elementor-inner-column elementor-element elementor-element-681437a elementor-invisible\" data-id=\"681437a\" data-element_type=\"column\" data-e-type=\"column\" data-settings=\"{&quot;animation&quot;:&quot;fadeInLeft&quot;}\">\n\t\t\t<div class=\"elementor-widget-wrap elementor-element-populated\">\n\t\t\t\t\t\t<div class=\"elementor-element elementor-element-9f3db47 elementor-widget elementor-widget-text-editor\" data-id=\"9f3db47\" data-element_type=\"widget\" data-e-type=\"widget\" data-widget_type=\"text-editor.default\">\n\t\t\t\t\t\t\t\t\t<p>Estem compromesos amb el <b>creixement<\/b> i el <b>desenvolupament<\/b> del talent a les organitzacions. El nostre cat\u00e0leg formatiu abasta \u00e0rees clau per a l&#8217;<b>\u00e8xit empresarial<\/b>, cosa que ens permet dissenyar programes a mida que s&#8217;adapten a les necessitats espec\u00edfiques de cada empresa. Capacitem empleats i equips en diversos \u00e0mbits del talent per afrontar els reptes actuals i futurs en un <b>entorn empresarial en constant evoluci\u00f3<\/b>.  <\/p>\t\t\t\t\t\t\t\t<\/div>\n\t\t\t\t\t<\/div>\n\t\t<\/div>\n\t\t\t\t<div class=\"elementor-column elementor-col-50 elementor-inner-column elementor-element elementor-element-862a463 elementor-invisible\" data-id=\"862a463\" data-element_type=\"column\" data-e-type=\"column\" data-settings=\"{&quot;background_background&quot;:&quot;classic&quot;,&quot;animation&quot;:&quot;slideInRight&quot;}\">\n\t\t\t<div class=\"elementor-widget-wrap elementor-element-populated\">\n\t\t\t\t\t\t<div class=\"elementor-element elementor-element-ba1a449 elementor-widget elementor-widget-image\" data-id=\"ba1a449\" data-element_type=\"widget\" data-e-type=\"widget\" data-widget_type=\"image.default\">\n\t\t\t\t\t\t\t\t\t\t\t\t\t\t\t<img fetchpriority=\"high\" decoding=\"async\" width=\"899\" height=\"869\" src=\"https:\/\/peoplerelationsconsulting.com\/wp-content\/uploads\/2022\/05\/formacion-1.png\" class=\"attachment-large size-large wp-image-4962\" alt=\"Dibuix home donant una classe amb pissarra que representa la Formaci\u00f3 per a Empreses a Barcelona-People Relations Consulting\" srcset=\"https:\/\/peoplerelationsconsulting.com\/wp-content\/uploads\/2022\/05\/formacion-1.png 899w, https:\/\/peoplerelationsconsulting.com\/wp-content\/uploads\/2022\/05\/formacion-1-600x580.png 600w, https:\/\/peoplerelationsconsulting.com\/wp-content\/uploads\/2022\/05\/formacion-1-300x290.png 300w, https:\/\/peoplerelationsconsulting.com\/wp-content\/uploads\/2022\/05\/formacion-1-768x742.png 768w\" sizes=\"(max-width: 899px) 100vw, 899px\" \/>\t\t\t\t\t\t\t\t\t\t\t\t\t\t\t<\/div>\n\t\t\t\t\t<\/div>\n\t\t<\/div>\n\t\t\t\t\t<\/div>\n\t\t<\/section>\n\t\t\t\t\t<\/div>\n\t\t<\/div>\n\t\t\t\t\t<\/div>\n\t\t<\/section>\n\t\t<div class=\"elementor-element elementor-element-344fe3f e-flex e-con-boxed elementor-invisible e-con e-parent\" data-id=\"344fe3f\" data-element_type=\"container\" data-e-type=\"container\" data-settings=\"{&quot;background_background&quot;:&quot;classic&quot;,&quot;animation&quot;:&quot;fadeInUp&quot;}\">\n\t\t\t\t\t<div class=\"e-con-inner\">\n\t\t<div class=\"elementor-element elementor-element-0236fd3 e-con-full e-flex e-con e-child\" data-id=\"0236fd3\" data-element_type=\"container\" data-e-type=\"container\">\n\t\t\t\t<div class=\"elementor-element elementor-element-04dc0c6 elementor-widget-divider--view-line elementor-widget elementor-widget-divider\" data-id=\"04dc0c6\" data-element_type=\"widget\" data-e-type=\"widget\" data-widget_type=\"divider.default\">\n\t\t\t\t\t\t\t<div class=\"elementor-divider\">\n\t\t\t<span class=\"elementor-divider-separator\">\n\t\t\t\t\t\t<\/span>\n\t\t<\/div>\n\t\t\t\t\t\t<\/div>\n\t\t\t\t<div class=\"elementor-element elementor-element-97d99f2 elementor-widget elementor-widget-heading\" data-id=\"97d99f2\" data-element_type=\"widget\" data-e-type=\"widget\" data-widget_type=\"heading.default\">\n\t\t\t\t\t<p class=\"elementor-heading-title elementor-size-default\">Algunes de les formacions per a empreses a Barcelona que fem s\u00f3n:<\/p>\t\t\t\t<\/div>\n\t\t<div class=\"elementor-element elementor-element-5a89734 e-con-full e-flex e-con e-child\" data-id=\"5a89734\" data-element_type=\"container\" data-e-type=\"container\">\n\t\t\t\t<div class=\"elementor-element elementor-element-79fc609 elementor-widget elementor-widget-text-editor\" data-id=\"79fc609\" data-element_type=\"widget\" data-e-type=\"widget\" data-widget_type=\"text-editor.default\">\n\t\t\t\t\t\t\t\t\t<ul><li><a href=\"https:\/\/peoplerelationsconsulting.com\/ca\/igualtat-diversitat-i-protocols-dassetjament\/\"><b>Igualtat, diversitat i protocols d&#8217;assetjament (LEGAL)<\/b><\/a><ul><li style=\"font-weight: 400;\" aria-level=\"2\"><span style=\"font-weight: 400;\">Igualtat d&#8217;oportunitats entre homes i dones<\/span><\/li><li style=\"font-weight: 400;\" aria-level=\"2\"><span style=\"font-weight: 400;\">Inclusi\u00f3 i diversitat<\/span><\/li><li style=\"font-weight: 400;\" aria-level=\"2\"><span style=\"font-weight: 400;\">Plans d&#8217;igualtat<\/span><\/li><li style=\"font-weight: 400;\" aria-level=\"2\"><span style=\"font-weight: 400;\">Protocol d&#8217;assetjament laboral<\/span><\/li><li style=\"font-weight: 400;\" aria-level=\"2\"><a href=\"https:\/\/peoplerelationsconsulting.com\/formaci\u00f3n\/curso-protocolo-acoso-sexual-o-por-razon-de-sexo\/\"><span style=\"font-weight: 400;\">Protocol d&#8217;assetjament sexual i per ra\u00f3 de sexe<\/span><\/a><\/li><li style=\"font-weight: 400;\" aria-level=\"2\"><span style=\"font-weight: 400;\">Assetjament per orientaci\u00f3 o identitat de g\u00e8nere<\/span><\/li><li style=\"font-weight: 400;\" aria-level=\"2\"><a href=\"https:\/\/peoplerelationsconsulting.com\/formaci\u00f3n\/curso-protocolo-acoso-discriminatorio-orientacion-identidad-genero\/\"><span style=\"font-weight: 400;\">Protocol LGTBIQ+<\/span><\/a><\/li><li style=\"font-weight: 400;\" aria-level=\"2\"><span style=\"font-weight: 400;\">Entrevistes inclusives<\/span><\/li><\/ul><\/li><\/ul>\t\t\t\t\t\t\t\t<\/div>\n\t\t\t\t<div class=\"elementor-element elementor-element-5b8e759 elementor-widget elementor-widget-text-editor\" data-id=\"5b8e759\" data-element_type=\"widget\" data-e-type=\"widget\" data-widget_type=\"text-editor.default\">\n\t\t\t\t\t\t\t\t\t<ul><li><a href=\"https:\/\/peoplerelationsconsulting.com\/ca\/gestio-de-conflictes-i-benestar-psicosocial\/\"><b>Gesti\u00f3 de conflictes i benestar psicosocial (LEGAL)<\/b><\/a><\/li><li style=\"list-style-type: none;\"><ul><li style=\"font-weight: 400;\" aria-level=\"2\"><span style=\"font-weight: 400;\">Gesti\u00f3 de conflictes<\/span><\/li><li style=\"font-weight: 400;\" aria-level=\"2\"><span style=\"font-weight: 400;\">Riscos psicosocials<\/span><\/li><li style=\"font-weight: 400;\" aria-level=\"2\"><span style=\"font-weight: 400;\">Mediaci\u00f3 de conflictes<\/span><\/li><\/ul><\/li><li style=\"font-weight: 400;\" aria-level=\"1\"><a href=\"https:\/\/peoplerelationsconsulting.com\/ca\/retribucio-i-valoracio-de-llocs-de-treball\/\"><b>Retribuci\u00f3 i valoraci\u00f3 de llocs de treball (LEGAL)<\/b><\/a><ul><li style=\"font-weight: 400;\" aria-level=\"2\"><span style=\"font-weight: 400;\">Valoraci\u00f3 de llocs<\/span><\/li><li style=\"font-weight: 400;\" aria-level=\"2\"><span style=\"font-weight: 400;\">Estructures salarials i bandes<\/span><\/li><li style=\"font-weight: 400;\" aria-level=\"2\"><span style=\"font-weight: 400;\">Elaboraci\u00f3 de registres salarials<\/span><\/li><\/ul><\/li><\/ul>\t\t\t\t\t\t\t\t<\/div>\n\t\t\t\t<\/div>\n\t\t\t\t<div class=\"elementor-element elementor-element-25d663d elementor-widget elementor-widget-text-editor\" data-id=\"25d663d\" data-element_type=\"widget\" data-e-type=\"widget\" data-widget_type=\"text-editor.default\">\n\t\t\t\t\t\t\t\t\t<p>El nostre enfocament en les persones ens permet dissenyar programes de formaci\u00f3 que no nom\u00e9s s&#8217;ajustin a les necessitats del negoci, sin\u00f3 que tamb\u00e9 impulsin el creixement personal i professional de cada individu. Creiem que invertir en la formaci\u00f3 del talent \u00e9s fonamental per construir una for\u00e7a laboral altament capacitada i motivada, capa\u00e7 d&#8217;afrontar qualsevol repte amb confian\u00e7a. <\/p><p>Comptem amb un equip de formadors altament qualificats i amb \u00e0mplia experi\u00e8ncia en diferents ind\u00fastries, cosa que ens permet oferir capacitaci\u00f3 d&#8217;alt nivell i rellevant per a cada context empresarial. La nostra metodologia de formaci\u00f3 es basa en la interacci\u00f3, l&#8217;aprenentatge pr\u00e0ctic i l&#8217;aplicaci\u00f3 real dels coneixements adquirits. <\/p><p>A People Consulting fem Formaci\u00f3 per a empreses a Barcelona, ens enorgulleix ser un aliat estrat\u00e8gic per a les empreses que busquen enfortir les seves capacitats internes i assolir un rendiment excepcional. Si voleu impulsar el talent i el creixement de la vostra organitzaci\u00f3 a trav\u00e9s dels nostres programes de formaci\u00f3, no dubteu a contactar-nos. Estem preparats per col\u00b7laborar amb vosaltres en el cam\u00ed cap a l&#8217;\u00e8xit.  <\/p>\t\t\t\t\t\t\t\t<\/div>\n\t\t<div class=\"elementor-element elementor-element-085c3ce e-con-full e-flex elementor-invisible e-con e-child\" data-id=\"085c3ce\" data-element_type=\"container\" data-e-type=\"container\" data-settings=\"{&quot;background_background&quot;:&quot;classic&quot;,&quot;animation&quot;:&quot;fadeInUp&quot;}\">\n\t\t<div class=\"elementor-element elementor-element-73430ab e-con-full e-flex e-con e-child\" data-id=\"73430ab\" data-element_type=\"container\" data-e-type=\"container\">\n\t\t\t\t<div class=\"elementor-element elementor-element-0f3b8ce elementor-widget elementor-widget-heading\" data-id=\"0f3b8ce\" data-element_type=\"widget\" data-e-type=\"widget\" data-widget_type=\"heading.default\">\n\t\t\t\t\t<h3 class=\"elementor-heading-title elementor-size-default\">Per saber-ne m\u00e9s sobre aquestes formacions per a empreses a Barcelona, contacteu amb els nostres assessors<\/h3>\t\t\t\t<\/div>\n\t\t\t\t<div class=\"elementor-element elementor-element-f965570 elementor-align-center elementor-widget elementor-widget-button\" data-id=\"f965570\" data-element_type=\"widget\" data-e-type=\"widget\" data-widget_type=\"button.default\">\n\t\t\t\t\t\t\t\t\t\t<a class=\"elementor-button elementor-button-link elementor-size-sm elementor-animation-grow\" href=\"http:\/\/peoplerelationsconsulting.com\/contacto\">\n\t\t\t\t\t\t<span class=\"elementor-button-content-wrapper\">\n\t\t\t\t\t\t<span class=\"elementor-button-icon\">\n\t\t\t\t<svg aria-hidden=\"true\" class=\"e-font-icon-svg e-far-envelope\" viewBox=\"0 0 512 512\" xmlns=\"http:\/\/www.w3.org\/2000\/svg\"><path d=\"M464 64H48C21.49 64 0 85.49 0 112v288c0 26.51 21.49 48 48 48h416c26.51 0 48-21.49 48-48V112c0-26.51-21.49-48-48-48zm0 48v40.805c-22.422 18.259-58.168 46.651-134.587 106.49-16.841 13.247-50.201 45.072-73.413 44.701-23.208.375-56.579-31.459-73.413-44.701C106.18 199.465 70.425 171.067 48 152.805V112h416zM48 400V214.398c22.914 18.251 55.409 43.862 104.938 82.646 21.857 17.205 60.134 55.186 103.062 54.955 42.717.231 80.509-37.199 103.053-54.947 49.528-38.783 82.032-64.401 104.947-82.653V400H48z\"><\/path><\/svg>\t\t\t<\/span>\n\t\t\t\t\t\t\t\t\t<span class=\"elementor-button-text\">CONTACTE<\/span>\n\t\t\t\t\t<\/span>\n\t\t\t\t\t<\/a>\n\t\t\t\t\t\t\t\t<\/div>\n\t\t\t\t<\/div>\n\t\t\t\t<\/div>\n\t\t\t\t<\/div>\n\t\t\t\t\t<\/div>\n\t\t\t\t<\/div>\n\t\t\t\t<\/div>\n\t\t","protected":false},"excerpt":{"rendered":"<p>Formaci\u00f3 per a empreses a Barcelona Estem compromesos amb el creixement i el desenvolupament del talent a les organitzacions. El nostre cat\u00e0leg formatiu abasta \u00e0rees clau per a l&#8217;\u00e8xit empresarial, cosa que ens permet dissenyar programes a mida que s&#8217;adapten a les necessitats espec\u00edfiques de cada empresa. Capacitem empleats i equips en diversos \u00e0mbits del [&hellip;]<\/p>\n","protected":false},"author":1,"featured_media":0,"parent":0,"menu_order":0,"comment_status":"closed","ping_status":"closed","template":"","meta":{"site-sidebar-layout":"default","site-content-layout":"","ast-site-content-layout":"default","site-content-style":"default","site-sidebar-style":"default","ast-global-header-display":"","ast-banner-title-visibility":"","ast-main-header-display":"","ast-hfb-above-header-display":"","ast-hfb-below-header-display":"","ast-hfb-mobile-header-display":"","site-post-title":"","ast-breadcrumbs-content":"","ast-featured-img":"","footer-sml-layout":"","ast-disable-related-posts":"","theme-transparent-header-meta":"","adv-header-id-meta":"","stick-header-meta":"","header-above-stick-meta":"","header-main-stick-meta":"","header-below-stick-meta":"","astra-migrate-meta-layouts":"default","ast-page-background-enabled":"default","ast-page-background-meta":{"desktop":{"background-color":"var(--ast-global-color-4)","background-image":"","background-repeat":"repeat","background-position":"center center","background-size":"auto","background-attachment":"scroll","background-type":"","background-media":"","overlay-type":"","overlay-color":"","overlay-opacity":"","overlay-gradient":""},"tablet":{"background-color":"","background-image":"","background-repeat":"repeat","background-position":"center center","background-size":"auto","background-attachment":"scroll","background-type":"","background-media":"","overlay-type":"","overlay-color":"","overlay-opacity":"","overlay-gradient":""},"mobile":{"background-color":"","background-image":"","background-repeat":"repeat","background-position":"center center","background-size":"auto","background-attachment":"scroll","background-type":"","background-media":"","overlay-type":"","overlay-color":"","overlay-opacity":"","overlay-gradient":""}},"ast-content-background-meta":{"desktop":{"background-color":"var(--ast-global-color-5)","background-image":"","background-repeat":"repeat","background-position":"center center","background-size":"auto","background-attachment":"scroll","background-type":"","background-media":"","overlay-type":"","overlay-color":"","overlay-opacity":"","overlay-gradient":""},"tablet":{"background-color":"var(--ast-global-color-5)","background-image":"","background-repeat":"repeat","background-position":"center center","background-size":"auto","background-attachment":"scroll","background-type":"","background-media":"","overlay-type":"","overlay-color":"","overlay-opacity":"","overlay-gradient":""},"mobile":{"background-color":"var(--ast-global-color-5)","background-image":"","background-repeat":"repeat","background-position":"center center","background-size":"auto","background-attachment":"scroll","background-type":"","background-media":"","overlay-type":"","overlay-color":"","overlay-opacity":"","overlay-gradient":""}},"_joinchat":[],"footnotes":""},"class_list":["post-5017","page","type-page","status-publish","hentry"],"_links":{"self":[{"href":"https:\/\/peoplerelationsconsulting.com\/ca\/wp-json\/wp\/v2\/pages\/5017","targetHints":{"allow":["GET"]}}],"collection":[{"href":"https:\/\/peoplerelationsconsulting.com\/ca\/wp-json\/wp\/v2\/pages"}],"about":[{"href":"https:\/\/peoplerelationsconsulting.com\/ca\/wp-json\/wp\/v2\/types\/page"}],"author":[{"embeddable":true,"href":"https:\/\/peoplerelationsconsulting.com\/ca\/wp-json\/wp\/v2\/users\/1"}],"replies":[{"embeddable":true,"href":"https:\/\/peoplerelationsconsulting.com\/ca\/wp-json\/wp\/v2\/comments?post=5017"}],"version-history":[{"count":1,"href":"https:\/\/peoplerelationsconsulting.com\/ca\/wp-json\/wp\/v2\/pages\/5017\/revisions"}],"predecessor-version":[{"id":5018,"href":"https:\/\/peoplerelationsconsulting.com\/ca\/wp-json\/wp\/v2\/pages\/5017\/revisions\/5018"}],"wp:attachment":[{"href":"https:\/\/peoplerelationsconsulting.com\/ca\/wp-json\/wp\/v2\/media?parent=5017"}],"curies":[{"name":"wp","href":"https:\/\/api.w.org\/{rel}","templated":true}]}}