{"id":5009,"date":"2022-05-23T13:52:16","date_gmt":"2022-05-23T11:52:16","guid":{"rendered":"https:\/\/peoplerelationsconsulting.com\/politica-de-cookies\/"},"modified":"2026-01-05T12:11:32","modified_gmt":"2026-01-05T10:11:32","slug":"politica-de-cookies","status":"publish","type":"page","link":"https:\/\/peoplerelationsconsulting.com\/ca\/politica-de-cookies\/","title":{"rendered":"Pol\u00edtica de cookies"},"content":{"rendered":"\t\t<div data-elementor-type=\"wp-page\" data-elementor-id=\"5009\" class=\"elementor elementor-5009 elementor-1252\" data-elementor-post-type=\"page\">\n\t\t\t\t\t\t<section class=\"elementor-section elementor-top-section elementor-element elementor-element-8bdf164 elementor-section-boxed elementor-section-height-default elementor-section-height-default\" data-id=\"8bdf164\" data-element_type=\"section\" data-e-type=\"section\">\n\t\t\t\t\t\t<div class=\"elementor-container elementor-column-gap-default\">\n\t\t\t\t\t<div class=\"elementor-column elementor-col-100 elementor-top-column elementor-element elementor-element-dd6d247\" data-id=\"dd6d247\" data-element_type=\"column\" data-e-type=\"column\">\n\t\t\t<div class=\"elementor-widget-wrap elementor-element-populated\">\n\t\t\t\t\t\t<div class=\"elementor-element elementor-element-6d1bd60 elementor-widget elementor-widget-text-editor\" data-id=\"6d1bd60\" data-element_type=\"widget\" data-e-type=\"widget\" data-widget_type=\"text-editor.default\">\n\t\t\t\t\t\t\t\t\t<h2 style=\"font-variant-ligatures: normal; font-variant-caps: normal; font-style: normal;\">Qu\u00e8 s\u00f3n les galetes?<\/h2><p style=\"font-variant-ligatures: normal; font-variant-caps: normal; font-family: Roboto; font-size: 14px; font-style: normal; font-weight: 400;\">En angl\u00e8s, el terme &#8220;cookie&#8221; significa galeta, per\u00f2 en l&#8217;\u00e0mbit de la navegaci\u00f3 web, una &#8220;cookie&#8221; \u00e9s una cosa completament diferent. Quan accediu al nostre lloc web, al navegador del vostre dispositiu s&#8217;emmagatzema una petita quantitat de text que s&#8217;anomena &#8220;cookie&#8221;. Aquest text cont\u00e9 informaci\u00f3 variada sobre la vostra navegaci\u00f3, h\u00e0bits, prefer\u00e8ncies, personalitzacions de continguts, etc.  <\/p><p style=\"font-variant-ligatures: normal; font-variant-caps: normal; font-family: Roboto; font-size: 14px; font-style: normal; font-weight: 400;\">Hi ha altres tecnologies que funcionen de manera similar i que tamb\u00e9 s&#8217;usen per recopilar dades sobre la vostra activitat de navegaci\u00f3. Anomenarem &#8220;galetes&#8221; totes aquestes tecnologies en conjunt. <\/p><p style=\"font-variant-ligatures: normal; font-variant-caps: normal; font-family: Roboto; font-size: 14px; font-style: normal; font-weight: 400;\">Els usos concrets que fem d&#8217;aquestes tecnologies es descriuen en aquest document.<\/p><h2 style=\"font-variant-ligatures: normal; font-variant-caps: normal; font-style: normal;\">Per a qu\u00e8 s&#8217;utilitzen les galetes en aquesta web?<\/h2><p style=\"font-variant-ligatures: normal; font-variant-caps: normal; font-family: Roboto; font-size: 14px; font-style: normal; font-weight: 400;\">Les galetes s\u00f3n una part essencial de com funciona el lloc web. L&#8217;objectiu principal de les nostres galetes \u00e9s millorar la vostra experi\u00e8ncia en la navegaci\u00f3. Per exemple, per recordar les vostres prefer\u00e8ncies (idioma, pa\u00eds, etc.) durant la navegaci\u00f3 i en futures visites. La informaci\u00f3 recollida a les galetes ens permet, a m\u00e9s, millorar la web, adaptar-la als vostres interessos com a usuari, accelerar les cerques que feu, etc.   <\/p><p style=\"font-variant-ligatures: normal; font-variant-caps: normal; font-family: Roboto; font-size: 14px; font-style: normal; font-weight: 400;\">En determinats casos, si hem obtingut el vostre consentiment informat previ, podrem utilitzar galetes per a altres usos, com ara per obtenir informaci\u00f3 que ens permeti mostrar-vos publicitat basada en l&#8217;an\u00e0lisi dels vostres h\u00e0bits de navegaci\u00f3.<\/p><h2 style=\"font-variant-ligatures: normal; font-variant-caps: normal; font-style: normal;\">Per a qu\u00e8 NO s&#8217;utilitzen les galetes en aquesta web?<\/h2><p style=\"font-variant-ligatures: normal; font-variant-caps: normal; font-family: Roboto; font-size: 14px; font-style: normal; font-weight: 400;\">A les galetes que utilitzem no s&#8217;emmagatzema informaci\u00f3 sensible d&#8217;identificaci\u00f3 personal com ara el vostre nom, adre\u00e7a, contrasenya, etc.<\/p><h2 style=\"font-variant-ligatures: normal; font-variant-caps: normal; font-style: normal;\">Qui utilitza la informaci\u00f3 emmagatzemada a les galetes?<\/h2><p style=\"font-variant-ligatures: normal; font-variant-caps: normal; font-family: Roboto; font-size: 14px; font-style: normal; font-weight: 400;\">La informaci\u00f3 emmagatzemada a les galetes del nostre lloc web \u00e9s utilitzada exclusivament per nosaltres, a excepci\u00f3 d&#8217;aquelles identificades m\u00e9s endavant com a &#8220;galetes de tercers&#8221;, que s\u00f3n utilitzades i gestionades per entitats externes que ens proporcionen serveis que milloren l&#8217;experi\u00e8ncia de l&#8217;usuari. Per exemple, les estad\u00edstiques que es recullen sobre el nombre de visites, el contingut que m\u00e9s agrada, etc. <\/p><p style=\"font-variant-ligatures: normal; font-variant-caps: normal; font-family: Roboto; font-size: 14px; font-style: normal; font-weight: 400;\">Les galetes de tercers tamb\u00e9 se solen utilitzar per garantir les operacions de pagament realitzades a trav\u00e9s del lloc web.<\/p><h2 style=\"font-variant-ligatures: normal; font-variant-caps: normal; font-style: normal;\">Com podeu evitar l&#8217;\u00fas de galetes en aquest lloc web?<\/h2><p style=\"font-variant-ligatures: normal; font-variant-caps: normal; font-family: Roboto; font-size: 14px; font-style: normal; font-weight: 400;\">Si preferiu evitar l&#8217;\u00fas de les galetes, podeu REBUTJAR-NE l&#8217;\u00fas o podeu CONFIGURAR les que voleu evitar i les que permeteu utilitzar (en aquest document us donem informaci\u00f3 ampliada sobre cada tipus de galeta, la seva finalitat, destinatari, temporalitat, etc.).<\/p><p style=\"font-variant-ligatures: normal; font-variant-caps: normal; font-family: Roboto; font-size: 14px; font-style: normal; font-weight: 400;\">Si les heu acceptat, no us ho tornarem a preguntar tret que esborreu les galetes al vostre dispositiu segons s&#8217;indica a l&#8217;apartat seg\u00fcent. Si voleu revocar el consentiment, haureu d&#8217;eliminar les galetes i tornar-les a configurar. <\/p><h2 style=\"font-variant-ligatures: normal; font-variant-caps: normal; font-style: normal;\">Com deshabilito i elimino la utilitzaci\u00f3 de galetes?<\/h2><p style=\"font-variant-ligatures: normal; font-variant-caps: normal; font-family: Roboto; font-size: 14px; font-style: normal; font-weight: 400;\">Per restringir, bloquejar o esborrar les galetes d&#8217;aquest lloc web (i les usades per tercers) podeu fer-ho, en qualsevol moment, modificant la configuraci\u00f3 del vostre navegador. Tingueu en compte que aquesta configuraci\u00f3 \u00e9s diferent en cada navegador. <\/p><p style=\"font-variant-ligatures: normal; font-variant-caps: normal; font-family: Roboto; font-size: 14px; font-style: normal; font-weight: 400;\">Als enlla\u00e7os seg\u00fcents trobareu instruccions per habilitar o deshabilitar les galetes als navegadors m\u00e9s comuns.<\/p><p style=\"font-variant-ligatures: normal; font-variant-caps: normal; font-family: Roboto; font-size: 14px; font-style: normal; font-weight: 400;\"><\/p><ul style=\"font-variant-ligatures: normal; font-variant-caps: normal; font-family: Roboto; font-size: 14px; font-style: normal; font-weight: 400;\"><li style=\"font-size: 14px;\"><a rel=\"nofollow noopener\" target=\"_blank\" href=\"http:\/\/support.mozilla.org\/es\/kb\/habilitar-y-deshabilitar-cookies-que-los-sitios-we\" style=\"font-size: 14px; text-decoration-line: underline; cursor: pointer; text-underline-offset: 3px;\">Firefox<\/a><\/li><li style=\"font-size: 14px;\"><a target=\"_blank\" rel=\"noopener noreferrer nofollow\" href=\"https:\/\/support.google.com\/chrome\/answer\/95647?hl=es\" style=\"font-size: 14px; text-decoration-line: underline; cursor: pointer; text-underline-offset: 3px;\">Google Chrome<\/a><\/li><li style=\"font-size: 14px;\"><a target=\"_blank\" rel=\"noopener noreferrer nofollow\" href=\"https:\/\/support.microsoft.com\/es-es\/help\/17442\/windows-internet-explorer-delete-manage-cookies#ie=%22ie-10\" style=\"font-size: 14px; text-decoration-line: underline; cursor: pointer; text-underline-offset: 3px;\">Internet Explorer<\/a><\/li><li style=\"font-size: 14px;\"><a target=\"_blank\" rel=\"noopener noreferrer nofollow\" href=\"https:\/\/support.microsoft.com\/es-es\/help\/4468242\/microsoft-edge-browsing-data-and-privacy\" style=\"font-size: 14px; text-decoration-line: underline; cursor: pointer; text-underline-offset: 3px;\">Microsoft Edge<\/a><\/li><li style=\"font-size: 14px;\"><a rel=\"nofollow noopener\" target=\"_blank\" href=\"http:\/\/support.apple.com\/kb\/HT1677?viewlocale=es_ES\" style=\"font-size: 14px; text-decoration-line: underline; cursor: pointer; text-underline-offset: 3px;\">Safari<\/a><\/li><\/ul><p style=\"font-variant-ligatures: normal; font-variant-caps: normal; font-family: Roboto; font-size: 14px; font-style: normal; font-weight: 400;\"><\/p><h2 style=\"font-variant-ligatures: normal; font-variant-caps: normal; font-style: normal;\">Quins tipus de galetes s&#8217;utilitzen en aquesta p\u00e0gina web?<\/h2><p style=\"font-variant-ligatures: normal; font-variant-caps: normal; font-family: Roboto; font-size: 14px; font-style: normal; font-weight: 400;\">Cada p\u00e0gina web utilitza les seves pr\u00f2pies galetes. A la nostra web utilitzem les que s&#8217;indiquen a continuaci\u00f3: <\/p><p style=\"font-variant-ligatures: normal; font-variant-caps: normal; font-family: Roboto; font-size: 14px; font-style: normal; font-weight: 400;\"><span style=\"font-size: 14px; font-weight: 600;\">SEGONS L&#8217;ENTITAT QUE HO GESTIONA<\/span><\/p><p style=\"font-variant-ligatures: normal; font-variant-caps: normal; font-family: Roboto; font-size: 14px; font-style: normal; font-weight: 400;\"><span style=\"font-size: 14px; font-weight: 600;\">Galetes pr\u00f2pies:<\/span><\/p><p style=\"font-variant-ligatures: normal; font-variant-caps: normal; font-family: Roboto; font-size: 14px; font-style: normal; font-weight: 400;\">S\u00f3n aquelles que s&#8217;envien a l&#8217;equip terminal de l&#8217;usuari des d&#8217;un equip o domini gestionat pel mateix editor i des del qual es presta el servei sol\u00b7licitat per l&#8217;usuari.<\/p><p style=\"font-variant-ligatures: normal; font-variant-caps: normal; font-family: Roboto; font-size: 14px; font-style: normal; font-weight: 400;\"><span style=\"font-size: 14px; font-weight: 600;\">Galetes de tercers:<\/span><\/p><p style=\"font-variant-ligatures: normal; font-variant-caps: normal; font-family: Roboto; font-size: 14px; font-style: normal; font-weight: 400;\">S\u00f3n aquelles que s&#8217;envien a l&#8217;equip terminal de l&#8217;usuari des d&#8217;un equip o domini que no \u00e9s gestionat per l&#8217;editor, sin\u00f3 per una altra entitat que tracta les dades obtingudes a trav\u00e9s de les galetes.<\/p><p style=\"font-variant-ligatures: normal; font-variant-caps: normal; font-family: Roboto; font-size: 14px; font-style: normal; font-weight: 400;\">En el cas que les galetes siguin servides des d&#8217;un equip o domini gestionat pel mateix editor, per\u00f2 la informaci\u00f3 que es reculli mitjan\u00e7ant aquestes sigui gestionada per un tercer, no poden ser considerades com a galetes pr\u00f2pies si el tercer les utilitza per a les seves pr\u00f2pies finalitats (per exemple, la millora dels serveis que presta o la prestaci\u00f3 de serveis de car\u00e0cter publicitari a favor d&#8217;altres entitats).<\/p><p style=\"font-variant-ligatures: normal; font-variant-caps: normal; font-family: Roboto; font-size: 14px; font-style: normal; font-weight: 400;\"><span style=\"font-size: 14px; font-weight: 600;\">SEGONS LA SEVA FINALITAT<\/span><\/p><p style=\"font-variant-ligatures: normal; font-variant-caps: normal; font-family: Roboto; font-size: 14px; font-style: normal; font-weight: 400;\"><span style=\"font-size: 14px; font-weight: 600;\">Galetes t\u00e8cniques:<\/span><\/p><p style=\"font-variant-ligatures: normal; font-variant-caps: normal; font-family: Roboto; font-size: 14px; font-style: normal; font-weight: 400;\">S\u00f3n aquelles necess\u00e0ries per a la navegaci\u00f3 i el bon funcionament del nostre lloc web, com ara, per exemple, controlar el tr\u00e0nsit i la comunicaci\u00f3 de dades, identificar la sessi\u00f3, accedir a parts d&#8217;acc\u00e9s restringit, recordar els elements que integren una comanda, realitzar el proc\u00e9s de compra d&#8217;una comanda, gestionar el pagament, controlar el frau vinculat a la seguretat del servei, realitzar la sol\u00b7licitud d&#8217;inscripci\u00f3 o participaci\u00f3 en un esdeveniment, comptar visites a efectes de la facturaci\u00f3 de llic\u00e8ncies del programari amb qu\u00e8 funciona el servei del lloc web, utilitzar elements de seguretat durant la navegaci\u00f3, emmagatzemar continguts per a la difusi\u00f3 de v\u00eddeos o so, habilitar continguts din\u00e0mics (per exemple, animaci\u00f3 de c\u00e0rrega d&#8217;un text o imatge).<\/p><p style=\"font-variant-ligatures: normal; font-variant-caps: normal; font-family: Roboto; font-size: 14px; font-style: normal; font-weight: 400;\"><span style=\"font-size: 14px; font-weight: 600;\">Galetes d&#8217;an\u00e0lisi:<\/span><\/p><p style=\"font-variant-ligatures: normal; font-variant-caps: normal; font-family: Roboto; font-size: 14px; font-style: normal; font-weight: 400;\">Permeten quantificar el nombre d&#8217;usuaris i aix\u00ed realitzar el mesurament i l&#8217;an\u00e0lisi estad\u00edstica de la utilitzaci\u00f3 que fan els usuaris del lloc web. Per a aix\u00f2, s&#8217;analitza la seva navegaci\u00f3 al nostre lloc web amb la finalitat de millorar l&#8217;oferta de productes o serveis que els oferim. <\/p><p style=\"font-variant-ligatures: normal; font-variant-caps: normal; font-family: Roboto; font-size: 14px; font-style: normal; font-weight: 400;\"><span style=\"font-size: 14px; font-weight: 600;\">Galetes de prefer\u00e8ncies o personalitzaci\u00f3:<\/span><\/p><p style=\"font-variant-ligatures: normal; font-variant-caps: normal; font-family: Roboto; font-size: 14px; font-style: normal; font-weight: 400;\">S\u00f3n aquelles que permeten recordar informaci\u00f3 perqu\u00e8 l&#8217;usuari accedeixi al servei amb determinades caracter\u00edstiques que poden diferenciar la seva experi\u00e8ncia de la d&#8217;altres usuaris, com ara, per exemple, l&#8217;idioma, el nombre de resultats a mostrar quan l&#8217;usuari realitza una cerca, l&#8217;aspecte o el contingut del servei en funci\u00f3 del tipus de navegador a trav\u00e9s del qual l&#8217;usuari accedeix al servei o de la regi\u00f3 des de la qual accedeix al servei, etc.<\/p><p style=\"font-variant-ligatures: normal; font-variant-caps: normal; font-family: Roboto; font-size: 14px; font-style: normal; font-weight: 400;\"><span style=\"font-size: 14px; font-weight: 600;\">SEGONS EL TERMINI DE TEMPS QUE PERMANEIXEN ACTIVADES<\/span><\/p><p style=\"font-variant-ligatures: normal; font-variant-caps: normal; font-family: Roboto; font-size: 14px; font-style: normal; font-weight: 400;\"><span style=\"font-size: 14px; font-weight: 600;\">Galetes de sessi\u00f3:<\/span><\/p><p style=\"font-variant-ligatures: normal; font-variant-caps: normal; font-family: Roboto; font-size: 14px; font-style: normal; font-weight: 400;\">S\u00f3n aquelles dissenyades per recaptar i emmagatzemar dades mentre l&#8217;usuari accedeix a una p\u00e0gina web.<\/p><p style=\"font-variant-ligatures: normal; font-variant-caps: normal; font-family: Roboto; font-size: 14px; font-style: normal; font-weight: 400;\">Se solen emprar per emmagatzemar informaci\u00f3 que nom\u00e9s interessa conservar per a la prestaci\u00f3 del servei sol\u00b7licitat per l&#8217;usuari en una sola ocasi\u00f3 (per exemple, una llista de productes adquirits) i desapareixen en acabar la sessi\u00f3.<\/p><p style=\"font-variant-ligatures: normal; font-variant-caps: normal; font-family: Roboto; font-size: 14px; font-style: normal; font-weight: 400;\"><span style=\"font-size: 14px; font-weight: 600;\">Galetes persistents:<\/span><\/p><p style=\"font-variant-ligatures: normal; font-variant-caps: normal; font-family: Roboto; font-size: 14px; font-style: normal; font-weight: 400;\">S\u00f3n aquelles en qu\u00e8 les dades continuen emmagatzemades al terminal i poden ser accedides i tractades durant un per\u00edode definit pel responsable de la galeta, i que pot anar d&#8217;uns minuts a diversos anys. Referent a aix\u00f2, s&#8217;ha de valorar espec\u00edficament si \u00e9s necess\u00e0ria la utilitzaci\u00f3 de galetes persistents, ja que els riscos per a la privadesa podrien reduir-se mitjan\u00e7ant la utilitzaci\u00f3 de galetes de sessi\u00f3. En tot cas, quan s&#8217;instal\u00b7lin galetes persistents, es recomana reduir al m\u00ednim necessari la seva durada temporal atenent la finalitat del seu \u00fas. A aquests efectes, el Dictamen 4\/2012 del GT29 va indicar que perqu\u00e8 una galeta pugui estar exempta del deure de consentiment informat, la seva caducitat ha d&#8217;estar relacionada amb la seva finalitat. Per aix\u00f2, \u00e9s molt m\u00e9s probable que es considerin com a exceptuades les galetes de sessi\u00f3 que les persistents.    <\/p><p style=\"font-variant-ligatures: normal; font-variant-caps: normal; font-family: Roboto; font-size: 14px; font-style: normal; font-weight: 400;\"><span style=\"font-size: 14px; font-weight: 600;\">Detall de galetes utilitzades en aquesta web:<\/span><\/p>\t\t\t\t\t\t\t\t<\/div>\n\t\t\t\t\t<\/div>\n\t\t<\/div>\n\t\t\t\t\t<\/div>\n\t\t<\/section>\n\t\t\t\t<\/div>\n\t\t","protected":false},"excerpt":{"rendered":"<p>Qu\u00e8 s\u00f3n les galetes? En angl\u00e8s, el terme &#8220;cookie&#8221; significa galeta, per\u00f2 en l&#8217;\u00e0mbit de la navegaci\u00f3 web, una &#8220;cookie&#8221; \u00e9s una cosa completament diferent. Quan accediu al nostre lloc web, al navegador del vostre dispositiu s&#8217;emmagatzema una petita quantitat de text que s&#8217;anomena &#8220;cookie&#8221;. Aquest text cont\u00e9 informaci\u00f3 variada sobre la vostra navegaci\u00f3, h\u00e0bits, [&hellip;]<\/p>\n","protected":false},"author":1,"featured_media":0,"parent":0,"menu_order":0,"comment_status":"closed","ping_status":"closed","template":"","meta":{"site-sidebar-layout":"default","site-content-layout":"","ast-site-content-layout":"default","site-content-style":"default","site-sidebar-style":"default","ast-global-header-display":"","ast-banner-title-visibility":"","ast-main-header-display":"","ast-hfb-above-header-display":"","ast-hfb-below-header-display":"","ast-hfb-mobile-header-display":"","site-post-title":"","ast-breadcrumbs-content":"","ast-featured-img":"","footer-sml-layout":"","ast-disable-related-posts":"","theme-transparent-header-meta":"","adv-header-id-meta":"","stick-header-meta":"","header-above-stick-meta":"","header-main-stick-meta":"","header-below-stick-meta":"","astra-migrate-meta-layouts":"default","ast-page-background-enabled":"default","ast-page-background-meta":{"desktop":{"background-color":"var(--ast-global-color-4)","background-image":"","background-repeat":"repeat","background-position":"center center","background-size":"auto","background-attachment":"scroll","background-type":"","background-media":"","overlay-type":"","overlay-color":"","overlay-opacity":"","overlay-gradient":""},"tablet":{"background-color":"","background-image":"","background-repeat":"repeat","background-position":"center center","background-size":"auto","background-attachment":"scroll","background-type":"","background-media":"","overlay-type":"","overlay-color":"","overlay-opacity":"","overlay-gradient":""},"mobile":{"background-color":"","background-image":"","background-repeat":"repeat","background-position":"center center","background-size":"auto","background-attachment":"scroll","background-type":"","background-media":"","overlay-type":"","overlay-color":"","overlay-opacity":"","overlay-gradient":""}},"ast-content-background-meta":{"desktop":{"background-color":"var(--ast-global-color-5)","background-image":"","background-repeat":"repeat","background-position":"center center","background-size":"auto","background-attachment":"scroll","background-type":"","background-media":"","overlay-type":"","overlay-color":"","overlay-opacity":"","overlay-gradient":""},"tablet":{"background-color":"var(--ast-global-color-5)","background-image":"","background-repeat":"repeat","background-position":"center center","background-size":"auto","background-attachment":"scroll","background-type":"","background-media":"","overlay-type":"","overlay-color":"","overlay-opacity":"","overlay-gradient":""},"mobile":{"background-color":"var(--ast-global-color-5)","background-image":"","background-repeat":"repeat","background-position":"center center","background-size":"auto","background-attachment":"scroll","background-type":"","background-media":"","overlay-type":"","overlay-color":"","overlay-opacity":"","overlay-gradient":""}},"_joinchat":[],"footnotes":""},"class_list":["post-5009","page","type-page","status-publish","hentry"],"_links":{"self":[{"href":"https:\/\/peoplerelationsconsulting.com\/ca\/wp-json\/wp\/v2\/pages\/5009","targetHints":{"allow":["GET"]}}],"collection":[{"href":"https:\/\/peoplerelationsconsulting.com\/ca\/wp-json\/wp\/v2\/pages"}],"about":[{"href":"https:\/\/peoplerelationsconsulting.com\/ca\/wp-json\/wp\/v2\/types\/page"}],"author":[{"embeddable":true,"href":"https:\/\/peoplerelationsconsulting.com\/ca\/wp-json\/wp\/v2\/users\/1"}],"replies":[{"embeddable":true,"href":"https:\/\/peoplerelationsconsulting.com\/ca\/wp-json\/wp\/v2\/comments?post=5009"}],"version-history":[{"count":1,"href":"https:\/\/peoplerelationsconsulting.com\/ca\/wp-json\/wp\/v2\/pages\/5009\/revisions"}],"predecessor-version":[{"id":5010,"href":"https:\/\/peoplerelationsconsulting.com\/ca\/wp-json\/wp\/v2\/pages\/5009\/revisions\/5010"}],"wp:attachment":[{"href":"https:\/\/peoplerelationsconsulting.com\/ca\/wp-json\/wp\/v2\/media?parent=5009"}],"curies":[{"name":"wp","href":"https:\/\/api.w.org\/{rel}","templated":true}]}}