{"id":5007,"date":"2023-08-01T08:15:58","date_gmt":"2023-08-01T06:15:58","guid":{"rendered":"https:\/\/peoplerelationsconsulting.com\/termes-i-condicions\/"},"modified":"2026-01-05T12:11:32","modified_gmt":"2026-01-05T10:11:32","slug":"termes-i-condicions","status":"publish","type":"page","link":"https:\/\/peoplerelationsconsulting.com\/ca\/termes-i-condicions\/","title":{"rendered":"Termes i condicions"},"content":{"rendered":"\t\t<div data-elementor-type=\"wp-page\" data-elementor-id=\"5007\" class=\"elementor elementor-5007 elementor-1891\" data-elementor-post-type=\"page\">\n\t\t\t\t\t\t<section class=\"elementor-section elementor-top-section elementor-element elementor-element-263d066 elementor-section-boxed elementor-section-height-default elementor-section-height-default\" data-id=\"263d066\" data-element_type=\"section\" data-e-type=\"section\">\n\t\t\t\t\t\t<div class=\"elementor-container elementor-column-gap-default\">\n\t\t\t\t\t<div class=\"elementor-column elementor-col-100 elementor-top-column elementor-element elementor-element-28443e8\" data-id=\"28443e8\" data-element_type=\"column\" data-e-type=\"column\">\n\t\t\t<div class=\"elementor-widget-wrap elementor-element-populated\">\n\t\t\t\t\t\t<div class=\"elementor-element elementor-element-25ebe33 elementor-widget elementor-widget-text-editor\" data-id=\"25ebe33\" data-element_type=\"widget\" data-e-type=\"widget\" data-widget_type=\"text-editor.default\">\n\t\t\t\t\t\t\t\t\t<h2><strong>Termes i condicions d&#8217;\u00fas<\/strong><\/h2><p> <\/p><p><strong>INFORMACI\u00d3 RELLEVANT<\/strong><\/p><p>\u00c9s un requisit necessari per a l&#8217;adquisici\u00f3 dels productes que s&#8217;ofereixen en aquest lloc, que llegiu i accepteu els seg\u00fcents Termes i condicions que a continuaci\u00f3 es redacten. L&#8217;\u00fas dels nostres serveis aix\u00ed com la compra dels nostres productes implicar\u00e0 que heu llegit i acceptat els Termes i condicions d&#8217;\u00fas en el present document. Tots els productes que s\u00f3n oferts pel nostre lloc web podrien ser creats, cobrats, enviats o presentats per una p\u00e0gina web tercera i en tal cas estarien subjectes als seus propis Termes i condicions. En alguns casos, per adquirir un producte, ser\u00e0 necessari el registre per part de l&#8217;usuari, amb ingr\u00e9s de dades personals fidedignes i definici\u00f3 d&#8217;una contrasenya.<\/p><p>L&#8217;usuari pot triar i canviar la clau per al seu acc\u00e9s d&#8217;administraci\u00f3 del compte en qualsevol moment, en cas que s&#8217;hagi registrat i que sigui necessari per a la compra d&#8217;algun dels nostres productes. no assumeix la responsabilitat en cas que lliuri aquesta clau a tercers.<\/p><p>Totes les compres i transaccions que es duguin a terme per mitj\u00e0 d&#8217;aquest lloc web, estan subjectes a un proc\u00e9s de confirmaci\u00f3 i verificaci\u00f3, el qual podria incloure la verificaci\u00f3 de l&#8217;estoc i disponibilitat de producte, validaci\u00f3 de la forma de pagament, validaci\u00f3 de la factura (en cas d&#8217;existir) i el compliment de les condicions requerides pel mitj\u00e0 de pagament seleccionat. En alguns casos pot ser que es requereixi una verificaci\u00f3 per mitj\u00e0 de correu electr\u00f2nic.<\/p><p>Els preus dels productes oferts en aquesta botiga en l\u00ednia s\u00f3n v\u00e0lids nom\u00e9s en les compres realitzades en aquest lloc web.<span id=\"result_box\" class=\"short_text\" lang=\"es\"><\/span><\/p><p><strong>LLIC\u00c8NCIA<\/strong><\/p><p>  a trav\u00e9s del seu lloc web concedeix una llic\u00e8ncia perqu\u00e8 els usuaris utilitzin els productes que s\u00f3n venuts en aquest lloc web d&#8217;acord amb els Termes i condicions que es descriuen en aquest document.<\/p><p><strong>\u00daS NO AUTORITZAT<\/strong><\/p><p>En cas que apliqui (per a venda de programari, templets, o un altre producte de disseny i programaci\u00f3) vost\u00e8 no pot col\u00b7locar un dels nostres productes, modificat o sense modificar, en un CD, lloc web o cap altre mitj\u00e0 i oferir-los per a la redistribuci\u00f3 o la revenda de cap tipus.<\/p><p><strong>PROPIETAT<\/strong><\/p><p>Vost\u00e8 no pot declarar propietat intel\u00b7lectual o exclusiva a cap dels nostres productes, modificat o sense modificar. Tots els productes s\u00f3n propietat dels prove\u00efdors del contingut. En cas que no s&#8217;especifiqui el contrari, els nostres productes es proporcionen sense cap tipus de garantia, expressa o impl\u00edcita. En cap aquesta companyia ser\u00e0 responsable de cap dany incloent, per\u00f2 no limitat a, danys directes, indirectes, especials, fortu\u00efts o conseq\u00fcents o altres p\u00e8rdues resultants de l&#8217;\u00fas o de la impossibilitat d&#8217;utilitzar els nostres productes.<\/p><p><strong>POL\u00cdTICA DE REEMBORSAMENT I GARANTIA<\/strong><\/p><p>En el cas de productes que siguin mercaderies irrevocables no tangibles, no realitzem reemborsaments despr\u00e9s que s&#8217;envi\u00ef el producte, vost\u00e8 t\u00e9 la responsabilitat d&#8217;entendre abans de comprar-lo. Li demanem que llegeixi acuradament abans de comprar-lo. Fem nom\u00e9s excepcions amb aquesta regla quan la descripci\u00f3 no s&#8217;ajusta al producte. Hi ha alguns productes que podrien tenir garantia i possibilitat de reemborsament per\u00f2 aquest ser\u00e0 especificat en comprar el producte. En tals casos la garantia nom\u00e9s cobrir\u00e0 fallades de f\u00e0brica i nom\u00e9s es far\u00e0 efectiva quan el producte s&#8217;hagi usat correctament. La garantia no cobreix avaries o danys ocasionats per \u00fas indegut. Els termes de la garantia estan associats a fallades de fabricaci\u00f3 i funcionament en condicions normals dels productes i nom\u00e9s es faran efectius aquests termes si l&#8217;equip ha estat usat correctament. Aix\u00f2 inclou:<\/p><p>\u2013 D&#8217;acord amb les especificacions t\u00e8cniques indicades per a cada producte.<br>\u2013 En condicions ambientals d&#8217;acord amb les especificacions indicades pel fabricant.<br>\u2013 En \u00fas espec\u00edfic per a la funci\u00f3 amb qu\u00e8 va ser dissenyat de f\u00e0brica.<br>\u2013 En condicions d&#8217;operaci\u00f3 el\u00e8ctriques d&#8217;acord amb les especificacions i toler\u00e0ncies indicades.<\/p><p><strong>COMPROVACI\u00d3 ANTIFRAU<\/strong><\/p><p>La compra del client pot ser ajornada per a la comprovaci\u00f3 antifrau. Tamb\u00e9 pot ser suspesa per m\u00e9s temps per a una investigaci\u00f3 m\u00e9s rigorosa, per evitar transaccions fraudulentes.<\/p><p><strong>PRIVACITAT<\/strong><\/p><p>Aquest garanteix que la informaci\u00f3 personal que vost\u00e8 envia compta amb la seguretat necess\u00e0ria. Les dades ingressades per usuari o en el cas de requerir una validaci\u00f3 de les comandes no seran lliurades a tercers, tret que hagi de ser revelada en compliment a una ordre judicial o requeriments legals.<\/p><p>La subscripci\u00f3 a butlletins de correus electr\u00f2nics publicitaris \u00e9s volunt\u00e0ria i podria ser seleccionada al moment de crear el seu compte.<\/p><p>  es reserva els drets de canviar o de modificar aquests termes sense previ av\u00eds.<\/p><p><span id=\"result_box\" class=\"short_text\" lang=\"es\"><span class=\"\">Estas terminos y condiciones<\/span> <span class=\"\">se han<\/span> generado en <a href=\"http:\/\/terminosycondicionesdeusoejemplo.com\/\" target=\"_blank\" rel=\"noopener\">terminosycondicionesdeusoejemplo.com<\/a>.<\/span><\/p>\t\t\t\t\t\t\t\t<\/div>\n\t\t\t\t\t<\/div>\n\t\t<\/div>\n\t\t\t\t\t<\/div>\n\t\t<\/section>\n\t\t\t\t<\/div>\n\t\t","protected":false},"excerpt":{"rendered":"<p>Termes i condicions d&#8217;\u00fas INFORMACI\u00d3 RELLEVANT \u00c9s un requisit necessari per a l&#8217;adquisici\u00f3 dels productes que s&#8217;ofereixen en aquest lloc, que llegiu i accepteu els seg\u00fcents Termes i condicions que a continuaci\u00f3 es redacten. L&#8217;\u00fas dels nostres serveis aix\u00ed com la compra dels nostres productes implicar\u00e0 que heu llegit i acceptat els Termes i condicions [&hellip;]<\/p>\n","protected":false},"author":1,"featured_media":0,"parent":0,"menu_order":0,"comment_status":"closed","ping_status":"closed","template":"","meta":{"site-sidebar-layout":"default","site-content-layout":"","ast-site-content-layout":"default","site-content-style":"default","site-sidebar-style":"default","ast-global-header-display":"","ast-banner-title-visibility":"","ast-main-header-display":"","ast-hfb-above-header-display":"","ast-hfb-below-header-display":"","ast-hfb-mobile-header-display":"","site-post-title":"","ast-breadcrumbs-content":"","ast-featured-img":"","footer-sml-layout":"","ast-disable-related-posts":"","theme-transparent-header-meta":"","adv-header-id-meta":"","stick-header-meta":"","header-above-stick-meta":"","header-main-stick-meta":"","header-below-stick-meta":"","astra-migrate-meta-layouts":"default","ast-page-background-enabled":"default","ast-page-background-meta":{"desktop":{"background-color":"var(--ast-global-color-4)","background-image":"","background-repeat":"repeat","background-position":"center center","background-size":"auto","background-attachment":"scroll","background-type":"","background-media":"","overlay-type":"","overlay-color":"","overlay-opacity":"","overlay-gradient":""},"tablet":{"background-color":"","background-image":"","background-repeat":"repeat","background-position":"center center","background-size":"auto","background-attachment":"scroll","background-type":"","background-media":"","overlay-type":"","overlay-color":"","overlay-opacity":"","overlay-gradient":""},"mobile":{"background-color":"","background-image":"","background-repeat":"repeat","background-position":"center center","background-size":"auto","background-attachment":"scroll","background-type":"","background-media":"","overlay-type":"","overlay-color":"","overlay-opacity":"","overlay-gradient":""}},"ast-content-background-meta":{"desktop":{"background-color":"var(--ast-global-color-5)","background-image":"","background-repeat":"repeat","background-position":"center center","background-size":"auto","background-attachment":"scroll","background-type":"","background-media":"","overlay-type":"","overlay-color":"","overlay-opacity":"","overlay-gradient":""},"tablet":{"background-color":"var(--ast-global-color-5)","background-image":"","background-repeat":"repeat","background-position":"center center","background-size":"auto","background-attachment":"scroll","background-type":"","background-media":"","overlay-type":"","overlay-color":"","overlay-opacity":"","overlay-gradient":""},"mobile":{"background-color":"var(--ast-global-color-5)","background-image":"","background-repeat":"repeat","background-position":"center center","background-size":"auto","background-attachment":"scroll","background-type":"","background-media":"","overlay-type":"","overlay-color":"","overlay-opacity":"","overlay-gradient":""}},"_joinchat":[],"footnotes":""},"class_list":["post-5007","page","type-page","status-publish","hentry"],"_links":{"self":[{"href":"https:\/\/peoplerelationsconsulting.com\/ca\/wp-json\/wp\/v2\/pages\/5007","targetHints":{"allow":["GET"]}}],"collection":[{"href":"https:\/\/peoplerelationsconsulting.com\/ca\/wp-json\/wp\/v2\/pages"}],"about":[{"href":"https:\/\/peoplerelationsconsulting.com\/ca\/wp-json\/wp\/v2\/types\/page"}],"author":[{"embeddable":true,"href":"https:\/\/peoplerelationsconsulting.com\/ca\/wp-json\/wp\/v2\/users\/1"}],"replies":[{"embeddable":true,"href":"https:\/\/peoplerelationsconsulting.com\/ca\/wp-json\/wp\/v2\/comments?post=5007"}],"version-history":[{"count":1,"href":"https:\/\/peoplerelationsconsulting.com\/ca\/wp-json\/wp\/v2\/pages\/5007\/revisions"}],"predecessor-version":[{"id":5008,"href":"https:\/\/peoplerelationsconsulting.com\/ca\/wp-json\/wp\/v2\/pages\/5007\/revisions\/5008"}],"wp:attachment":[{"href":"https:\/\/peoplerelationsconsulting.com\/ca\/wp-json\/wp\/v2\/media?parent=5007"}],"curies":[{"name":"wp","href":"https:\/\/api.w.org\/{rel}","templated":true}]}}