{"id":4889,"date":"2022-05-20T10:09:16","date_gmt":"2022-05-20T08:09:16","guid":{"rendered":"https:\/\/peoplerelationsconsulting.com\/direccio-estrategica-de-persones\/"},"modified":"2026-01-05T12:10:38","modified_gmt":"2026-01-05T10:10:38","slug":"direccio-estrategica-de-persones","status":"publish","type":"page","link":"https:\/\/peoplerelationsconsulting.com\/ca\/direccio-estrategica-de-persones\/","title":{"rendered":"Direcci\u00f3 estrat\u00e8gica de persones"},"content":{"rendered":"\t\t<div data-elementor-type=\"wp-post\" data-elementor-id=\"4889\" class=\"elementor elementor-4889 elementor-1113\" data-elementor-post-type=\"page\">\n\t\t\t\t\t\t<section class=\"elementor-section elementor-top-section elementor-element elementor-element-341454d elementor-section-boxed elementor-section-height-default elementor-section-height-default\" data-id=\"341454d\" data-element_type=\"section\" data-e-type=\"section\">\n\t\t\t\t\t\t<div class=\"elementor-container elementor-column-gap-extended\">\n\t\t\t\t\t<div class=\"elementor-column elementor-col-100 elementor-top-column elementor-element elementor-element-0841421\" data-id=\"0841421\" data-element_type=\"column\" data-e-type=\"column\">\n\t\t\t<div class=\"elementor-widget-wrap elementor-element-populated\">\n\t\t\t\t\t\t<div class=\"elementor-element elementor-element-5eb126b elementor-widget-divider--view-line elementor-widget elementor-widget-divider\" data-id=\"5eb126b\" data-element_type=\"widget\" data-e-type=\"widget\" data-widget_type=\"divider.default\">\n\t\t\t\t\t\t\t<div class=\"elementor-divider\">\n\t\t\t<span class=\"elementor-divider-separator\">\n\t\t\t\t\t\t<\/span>\n\t\t<\/div>\n\t\t\t\t\t\t<\/div>\n\t\t\t\t<div class=\"elementor-element elementor-element-44b8b00 elementor-widget elementor-widget-heading\" data-id=\"44b8b00\" data-element_type=\"widget\" data-e-type=\"widget\" data-widget_type=\"heading.default\">\n\t\t\t\t\t<h1 class=\"elementor-heading-title elementor-size-default\">Direcci\u00f3 estrat\u00e8gica de persones<\/h1>\t\t\t\t<\/div>\n\t\t\t\t<section class=\"elementor-section elementor-inner-section elementor-element elementor-element-d0328de elementor-section-boxed elementor-section-height-default elementor-section-height-default\" data-id=\"d0328de\" data-element_type=\"section\" data-e-type=\"section\">\n\t\t\t\t\t\t<div class=\"elementor-container elementor-column-gap-no\">\n\t\t\t\t\t<div class=\"elementor-column elementor-col-50 elementor-inner-column elementor-element elementor-element-681437a elementor-invisible\" data-id=\"681437a\" data-element_type=\"column\" data-e-type=\"column\" data-settings=\"{&quot;animation&quot;:&quot;slideInLeft&quot;}\">\n\t\t\t<div class=\"elementor-widget-wrap elementor-element-populated\">\n\t\t\t\t\t\t<div class=\"elementor-element elementor-element-9f3db47 elementor-widget elementor-widget-text-editor\" data-id=\"9f3db47\" data-element_type=\"widget\" data-e-type=\"widget\" data-widget_type=\"text-editor.default\">\n\t\t\t\t\t\t\t\t\t<p>La vostra empresa es troba en un moment de canvi i necessita adaptar la seva pol\u00edtica de gesti\u00f3 de persones? Enfronteu reptes i dificultats sense respostes clares? Busqueu un suport puntual o una nova visi\u00f3 transformadora?  <\/p>\n<p>A <b>People Relations Consulting<\/b>, entenem que cada empresa s&#8217;enfronta a desafiaments \u00fanics i complexos. \u00c9s per aix\u00f2 que oferim un servei de <b>Direcci\u00f3 Estrat\u00e8gica de Persones<\/b> dissenyat per brindar solucions personalitzades i adaptades a la realitat del vostre negoci i el mercat en qu\u00e8 opera. <\/p>\t\t\t\t\t\t\t\t<\/div>\n\t\t\t\t\t<\/div>\n\t\t<\/div>\n\t\t\t\t<div class=\"elementor-column elementor-col-50 elementor-inner-column elementor-element elementor-element-862a463 elementor-invisible\" data-id=\"862a463\" data-element_type=\"column\" data-e-type=\"column\" data-settings=\"{&quot;background_background&quot;:&quot;classic&quot;,&quot;animation&quot;:&quot;slideInRight&quot;}\">\n\t\t\t<div class=\"elementor-widget-wrap elementor-element-populated\">\n\t\t\t\t\t\t<div class=\"elementor-element elementor-element-ba1a449 elementor-widget elementor-widget-image\" data-id=\"ba1a449\" data-element_type=\"widget\" data-e-type=\"widget\" data-widget_type=\"image.default\">\n\t\t\t\t\t\t\t\t\t\t\t\t\t\t\t<img fetchpriority=\"high\" decoding=\"async\" width=\"899\" height=\"869\" src=\"https:\/\/peoplerelationsconsulting.com\/wp-content\/uploads\/2022\/05\/direccion-estrategica-1.png\" class=\"attachment-large size-large wp-image-4891\" alt=\"Dibuix de m\u00e0 subjectant bandera, s\u00edmbol de vict\u00f2ria i guanys\" srcset=\"https:\/\/peoplerelationsconsulting.com\/wp-content\/uploads\/2022\/05\/direccion-estrategica-1.png 899w, https:\/\/peoplerelationsconsulting.com\/wp-content\/uploads\/2022\/05\/direccion-estrategica-1-600x580.png 600w, https:\/\/peoplerelationsconsulting.com\/wp-content\/uploads\/2022\/05\/direccion-estrategica-1-300x290.png 300w, https:\/\/peoplerelationsconsulting.com\/wp-content\/uploads\/2022\/05\/direccion-estrategica-1-768x742.png 768w\" sizes=\"(max-width: 899px) 100vw, 899px\" \/>\t\t\t\t\t\t\t\t\t\t\t\t\t\t\t<\/div>\n\t\t\t\t\t<\/div>\n\t\t<\/div>\n\t\t\t\t\t<\/div>\n\t\t<\/section>\n\t\t\t\t\t<\/div>\n\t\t<\/div>\n\t\t\t\t\t<\/div>\n\t\t<\/section>\n\t\t\t\t<section class=\"elementor-section elementor-top-section elementor-element elementor-element-39923c2 elementor-section-boxed elementor-section-height-default elementor-section-height-default elementor-invisible\" data-id=\"39923c2\" data-element_type=\"section\" data-e-type=\"section\" data-settings=\"{&quot;background_background&quot;:&quot;classic&quot;,&quot;animation&quot;:&quot;fadeInUp&quot;}\">\n\t\t\t\t\t\t<div class=\"elementor-container elementor-column-gap-default\">\n\t\t\t\t\t<div class=\"elementor-column elementor-col-100 elementor-top-column elementor-element elementor-element-52240af\" data-id=\"52240af\" data-element_type=\"column\" data-e-type=\"column\">\n\t\t\t<div class=\"elementor-widget-wrap elementor-element-populated\">\n\t\t\t\t\t\t<div class=\"elementor-element elementor-element-d45cc29 elementor-widget-divider--view-line elementor-widget elementor-widget-divider\" data-id=\"d45cc29\" data-element_type=\"widget\" data-e-type=\"widget\" data-widget_type=\"divider.default\">\n\t\t\t\t\t\t\t<div class=\"elementor-divider\">\n\t\t\t<span class=\"elementor-divider-separator\">\n\t\t\t\t\t\t<\/span>\n\t\t<\/div>\n\t\t\t\t\t\t<\/div>\n\t\t\t\t<div class=\"elementor-element elementor-element-86f2bb1 elementor-widget elementor-widget-heading\" data-id=\"86f2bb1\" data-element_type=\"widget\" data-e-type=\"widget\" data-widget_type=\"heading.default\">\n\t\t\t\t\t<p class=\"elementor-heading-title elementor-size-default\">Alguns exemples de situacions en qu\u00e8 les nostres solucions han demostrat ser efectives inclouen:<\/p>\t\t\t\t<\/div>\n\t\t\t\t<div class=\"elementor-element elementor-element-0e6585b elementor-widget elementor-widget-text-editor\" data-id=\"0e6585b\" data-element_type=\"widget\" data-e-type=\"widget\" data-widget_type=\"text-editor.default\">\n\t\t\t\t\t\t\t\t\t<ul>\n \t<li><span style=\"font-size: 18px;\">Compra d&#8217;empreses (Due Diligence)<\/span><\/li>\n \t<li>Entrada en mercats internacionals<\/li>\n \t<li>Reestructuracions organitzacionals<\/li>\n \t<li>Conflictes en la gesti\u00f3 de les relacions laborals<\/li>\n \t<li>Redefinici\u00f3 de processos de treball<\/li>\n \t<li>Canvis culturals<\/li>\n \t<li>Substituci\u00f3 temporal de directius<\/li>\n \t<li>Millora del clima laboral i rendiment<\/li>\n \t<li>Revisi\u00f3 de models de compet\u00e8ncies o sistemes d&#8217;incentius (bonus)<\/li>\n<\/ul>\t\t\t\t\t\t\t\t<\/div>\n\t\t\t\t<div class=\"elementor-element elementor-element-e3841a4 elementor-widget elementor-widget-text-editor\" data-id=\"e3841a4\" data-element_type=\"widget\" data-e-type=\"widget\" data-widget_type=\"text-editor.default\">\n\t\t\t\t\t\t\t\t\t<p>El nostre enfocament es basa en el model de <b>Interim Management<\/b>, on els nostres directius s&#8217;integren a la vostra empresa per avaluar i diagnosticar la situaci\u00f3 de manera precisa. Adaptem el nostre marc d&#8217;actuaci\u00f3 per projectes o temps, segons les vostres necessitats espec\u00edfiques. <\/p><p>Comptem amb un equip d&#8217;experts que treballen sota el pilar de <b>confian\u00e7a<\/b>, garantint solucions que s&#8217;ajustin a la cultura de la vostra empresa i l&#8217;entorn del mercat en qu\u00e8 opera el vostre projecte.<\/p><p>La nostra <b>experi\u00e8ncia de m\u00e9s de 20 anys<\/b> en col\u00b7laboraci\u00f3 amb empreses de diversos \u00e0mbits, dimensions i mercats, ens avala com a l\u00edders en la ind\u00fastria. Permeteu-nos ser el vostre soci estrat\u00e8gic en el cam\u00ed cap a l&#8217;\u00e8xit en la gesti\u00f3 de persones. Contacteu-nos per obtenir m\u00e9s informaci\u00f3 i donar un impuls transformador a la vostra empresa.  <\/p>\t\t\t\t\t\t\t\t<\/div>\n\t\t\t\t<section class=\"elementor-section elementor-inner-section elementor-element elementor-element-dca277c elementor-section-boxed elementor-section-height-default elementor-section-height-default elementor-invisible\" data-id=\"dca277c\" data-element_type=\"section\" data-e-type=\"section\" data-settings=\"{&quot;background_background&quot;:&quot;classic&quot;,&quot;animation&quot;:&quot;fadeInUp&quot;}\">\n\t\t\t\t\t\t<div class=\"elementor-container elementor-column-gap-default\">\n\t\t\t\t\t<div class=\"elementor-column elementor-col-100 elementor-inner-column elementor-element elementor-element-3deea34\" data-id=\"3deea34\" data-element_type=\"column\" data-e-type=\"column\">\n\t\t\t<div class=\"elementor-widget-wrap elementor-element-populated\">\n\t\t\t\t\t\t<div class=\"elementor-element elementor-element-6cebeef elementor-widget elementor-widget-heading\" data-id=\"6cebeef\" data-element_type=\"widget\" data-e-type=\"widget\" data-widget_type=\"heading.default\">\n\t\t\t\t\t<h3 class=\"elementor-heading-title elementor-size-default\">Per saber-ne m\u00e9s sobre aquest servei, contacteu amb els nostres assessors<\/h3>\t\t\t\t<\/div>\n\t\t\t\t<div class=\"elementor-element elementor-element-c5a41ef elementor-align-center elementor-widget elementor-widget-button\" data-id=\"c5a41ef\" data-element_type=\"widget\" data-e-type=\"widget\" data-widget_type=\"button.default\">\n\t\t\t\t\t\t\t\t\t\t<a class=\"elementor-button elementor-button-link elementor-size-sm elementor-animation-grow\" href=\"https:\/\/outlook.office.com\/book\/PrimeraConsultora@peoplerelationsconsulting.com\/s\/NF71SHf6G0iscwJTuF9jYw2?ismsaljsauthenabled%20%20https:\/\/outlook.office.com\/book\/PrimeraConsultora@peoplerelationsconsulting.com\/s\/tdUbyUH9mkyeoUQ0upT4Qg2?ismsaljsauthenabled%20%20https:\/\/outlook.office.com\/book\/PrimeraConsultora@peoplerelationsconsulting.com\/s\/v9XuXXN4EUe790VfBaE9KA2?ismsaljsauthenabled%20%20https:\/\/outlook.office.com\/book\/PrimeraConsultora@peoplerelationsconsulting.com\/s\/b7A351Io-UmKn7drZKuwog2?ismsaljsauthenabled\">\n\t\t\t\t\t\t<span class=\"elementor-button-content-wrapper\">\n\t\t\t\t\t\t<span class=\"elementor-button-icon\">\n\t\t\t\t<svg aria-hidden=\"true\" class=\"e-font-icon-svg e-far-envelope\" viewBox=\"0 0 512 512\" xmlns=\"http:\/\/www.w3.org\/2000\/svg\"><path d=\"M464 64H48C21.49 64 0 85.49 0 112v288c0 26.51 21.49 48 48 48h416c26.51 0 48-21.49 48-48V112c0-26.51-21.49-48-48-48zm0 48v40.805c-22.422 18.259-58.168 46.651-134.587 106.49-16.841 13.247-50.201 45.072-73.413 44.701-23.208.375-56.579-31.459-73.413-44.701C106.18 199.465 70.425 171.067 48 152.805V112h416zM48 400V214.398c22.914 18.251 55.409 43.862 104.938 82.646 21.857 17.205 60.134 55.186 103.062 54.955 42.717.231 80.509-37.199 103.053-54.947 49.528-38.783 82.032-64.401 104.947-82.653V400H48z\"><\/path><\/svg>\t\t\t<\/span>\n\t\t\t\t\t\t\t\t\t<span class=\"elementor-button-text\">CONTACTE<\/span>\n\t\t\t\t\t<\/span>\n\t\t\t\t\t<\/a>\n\t\t\t\t\t\t\t\t<\/div>\n\t\t\t\t\t<\/div>\n\t\t<\/div>\n\t\t\t\t\t<\/div>\n\t\t<\/section>\n\t\t\t\t\t<\/div>\n\t\t<\/div>\n\t\t\t\t\t<\/div>\n\t\t<\/section>\n\t\t\t\t<\/div>\n\t\t","protected":false},"excerpt":{"rendered":"<p>Direcci\u00f3 estrat\u00e8gica de persones La vostra empresa es troba en un moment de canvi i necessita adaptar la seva pol\u00edtica de gesti\u00f3 de persones? Enfronteu reptes i dificultats sense respostes clares? Busqueu un suport puntual o una nova visi\u00f3 transformadora? A People Relations Consulting, entenem que cada empresa s&#8217;enfronta a desafiaments \u00fanics i complexos. \u00c9s [&hellip;]<\/p>\n","protected":false},"author":1,"featured_media":0,"parent":0,"menu_order":0,"comment_status":"closed","ping_status":"closed","template":"","meta":{"site-sidebar-layout":"default","site-content-layout":"","ast-site-content-layout":"default","site-content-style":"default","site-sidebar-style":"default","ast-global-header-display":"","ast-banner-title-visibility":"","ast-main-header-display":"","ast-hfb-above-header-display":"","ast-hfb-below-header-display":"","ast-hfb-mobile-header-display":"","site-post-title":"","ast-breadcrumbs-content":"","ast-featured-img":"","footer-sml-layout":"","ast-disable-related-posts":"","theme-transparent-header-meta":"","adv-header-id-meta":"","stick-header-meta":"","header-above-stick-meta":"","header-main-stick-meta":"","header-below-stick-meta":"","astra-migrate-meta-layouts":"default","ast-page-background-enabled":"default","ast-page-background-meta":{"desktop":{"background-color":"var(--ast-global-color-4)","background-image":"","background-repeat":"repeat","background-position":"center center","background-size":"auto","background-attachment":"scroll","background-type":"","background-media":"","overlay-type":"","overlay-color":"","overlay-opacity":"","overlay-gradient":""},"tablet":{"background-color":"","background-image":"","background-repeat":"repeat","background-position":"center center","background-size":"auto","background-attachment":"scroll","background-type":"","background-media":"","overlay-type":"","overlay-color":"","overlay-opacity":"","overlay-gradient":""},"mobile":{"background-color":"","background-image":"","background-repeat":"repeat","background-position":"center center","background-size":"auto","background-attachment":"scroll","background-type":"","background-media":"","overlay-type":"","overlay-color":"","overlay-opacity":"","overlay-gradient":""}},"ast-content-background-meta":{"desktop":{"background-color":"var(--ast-global-color-5)","background-image":"","background-repeat":"repeat","background-position":"center center","background-size":"auto","background-attachment":"scroll","background-type":"","background-media":"","overlay-type":"","overlay-color":"","overlay-opacity":"","overlay-gradient":""},"tablet":{"background-color":"var(--ast-global-color-5)","background-image":"","background-repeat":"repeat","background-position":"center center","background-size":"auto","background-attachment":"scroll","background-type":"","background-media":"","overlay-type":"","overlay-color":"","overlay-opacity":"","overlay-gradient":""},"mobile":{"background-color":"var(--ast-global-color-5)","background-image":"","background-repeat":"repeat","background-position":"center center","background-size":"auto","background-attachment":"scroll","background-type":"","background-media":"","overlay-type":"","overlay-color":"","overlay-opacity":"","overlay-gradient":""}},"_joinchat":[],"footnotes":""},"class_list":["post-4889","page","type-page","status-publish","hentry"],"_links":{"self":[{"href":"https:\/\/peoplerelationsconsulting.com\/ca\/wp-json\/wp\/v2\/pages\/4889","targetHints":{"allow":["GET"]}}],"collection":[{"href":"https:\/\/peoplerelationsconsulting.com\/ca\/wp-json\/wp\/v2\/pages"}],"about":[{"href":"https:\/\/peoplerelationsconsulting.com\/ca\/wp-json\/wp\/v2\/types\/page"}],"author":[{"embeddable":true,"href":"https:\/\/peoplerelationsconsulting.com\/ca\/wp-json\/wp\/v2\/users\/1"}],"replies":[{"embeddable":true,"href":"https:\/\/peoplerelationsconsulting.com\/ca\/wp-json\/wp\/v2\/comments?post=4889"}],"version-history":[{"count":2,"href":"https:\/\/peoplerelationsconsulting.com\/ca\/wp-json\/wp\/v2\/pages\/4889\/revisions"}],"predecessor-version":[{"id":4945,"href":"https:\/\/peoplerelationsconsulting.com\/ca\/wp-json\/wp\/v2\/pages\/4889\/revisions\/4945"}],"wp:attachment":[{"href":"https:\/\/peoplerelationsconsulting.com\/ca\/wp-json\/wp\/v2\/media?parent=4889"}],"curies":[{"name":"wp","href":"https:\/\/api.w.org\/{rel}","templated":true}]}}