{"id":4881,"date":"2022-05-20T15:43:01","date_gmt":"2022-05-20T13:43:01","guid":{"rendered":"https:\/\/peoplerelationsconsulting.com\/intervencio-psicosocial\/"},"modified":"2026-01-05T12:10:28","modified_gmt":"2026-01-05T10:10:28","slug":"intervencio-psicosocial","status":"publish","type":"page","link":"https:\/\/peoplerelationsconsulting.com\/ca\/intervencio-psicosocial\/","title":{"rendered":"Intervenci\u00f3 psicosocial"},"content":{"rendered":"\t\t<div data-elementor-type=\"wp-post\" data-elementor-id=\"4881\" class=\"elementor elementor-4881 elementor-1177\" data-elementor-post-type=\"page\">\n\t\t\t\t\t\t<section class=\"elementor-section elementor-top-section elementor-element elementor-element-341454d elementor-section-boxed elementor-section-height-default elementor-section-height-default\" data-id=\"341454d\" data-element_type=\"section\" data-e-type=\"section\">\n\t\t\t\t\t\t<div class=\"elementor-container elementor-column-gap-extended\">\n\t\t\t\t\t<div class=\"elementor-column elementor-col-100 elementor-top-column elementor-element elementor-element-0841421\" data-id=\"0841421\" data-element_type=\"column\" data-e-type=\"column\">\n\t\t\t<div class=\"elementor-widget-wrap elementor-element-populated\">\n\t\t\t\t\t\t<div class=\"elementor-element elementor-element-5eb126b elementor-widget-divider--view-line elementor-widget elementor-widget-divider\" data-id=\"5eb126b\" data-element_type=\"widget\" data-e-type=\"widget\" data-widget_type=\"divider.default\">\n\t\t\t\t\t\t\t<div class=\"elementor-divider\">\n\t\t\t<span class=\"elementor-divider-separator\">\n\t\t\t\t\t\t<\/span>\n\t\t<\/div>\n\t\t\t\t\t\t<\/div>\n\t\t\t\t<div class=\"elementor-element elementor-element-44b8b00 elementor-widget elementor-widget-heading\" data-id=\"44b8b00\" data-element_type=\"widget\" data-e-type=\"widget\" data-widget_type=\"heading.default\">\n\t\t\t\t\t<h1 class=\"elementor-heading-title elementor-size-default\">Intervenci\u00f3 psicosocial laboral a Barcelona<\/h1>\t\t\t\t<\/div>\n\t\t\t\t<section class=\"elementor-section elementor-inner-section elementor-element elementor-element-d0328de elementor-section-boxed elementor-section-height-default elementor-section-height-default\" data-id=\"d0328de\" data-element_type=\"section\" data-e-type=\"section\">\n\t\t\t\t\t\t<div class=\"elementor-container elementor-column-gap-extended\">\n\t\t\t\t\t<div class=\"elementor-column elementor-col-50 elementor-inner-column elementor-element elementor-element-681437a elementor-invisible\" data-id=\"681437a\" data-element_type=\"column\" data-e-type=\"column\" data-settings=\"{&quot;animation&quot;:&quot;slideInLeft&quot;}\">\n\t\t\t<div class=\"elementor-widget-wrap elementor-element-populated\">\n\t\t\t\t\t\t<div class=\"elementor-element elementor-element-9f3db47 elementor-widget elementor-widget-text-editor\" data-id=\"9f3db47\" data-element_type=\"widget\" data-e-type=\"widget\" data-widget_type=\"text-editor.default\">\n\t\t\t\t\t\t\t\t\t<p>People Relations \u00e9s una companyia innovadora i apassionada que es dedica a proporcionar serveis d&#8217;intervenci\u00f3 psicosocial d&#8217;alta qualitat. Amb un <b>equip de professionals<\/b> altament capacitats i compromesos, l&#8217;empresa s&#8217;ha guanyat la confian\u00e7a de nombrosos clients i ha demostrat ser un recurs valu\u00f3s per abordar una \u00e0mplia gamma de desafiaments psicosocials en diverses situacions i entorns.<\/p>\t\t\t\t\t\t\t\t<\/div>\n\t\t\t\t\t<\/div>\n\t\t<\/div>\n\t\t\t\t<div class=\"elementor-column elementor-col-50 elementor-inner-column elementor-element elementor-element-862a463 elementor-invisible\" data-id=\"862a463\" data-element_type=\"column\" data-e-type=\"column\" data-settings=\"{&quot;background_background&quot;:&quot;classic&quot;,&quot;animation&quot;:&quot;slideInRight&quot;}\">\n\t\t\t<div class=\"elementor-widget-wrap elementor-element-populated\">\n\t\t\t\t\t\t<div class=\"elementor-element elementor-element-ba1a449 elementor-widget elementor-widget-image\" data-id=\"ba1a449\" data-element_type=\"widget\" data-e-type=\"widget\" data-widget_type=\"image.default\">\n\t\t\t\t\t\t\t\t\t\t\t\t\t\t\t<img fetchpriority=\"high\" decoding=\"async\" width=\"899\" height=\"869\" src=\"https:\/\/peoplerelationsconsulting.com\/wp-content\/uploads\/2022\/05\/igualdad-1.png\" class=\"attachment-large size-large wp-image-4882\" alt=\"Dibuix balan\u00e7a que representa igualtat entre g\u00e8neres Intervenci\u00f3 psicosocial laboral \u2014 igualtat i benestar a l&#039;empresa\" srcset=\"https:\/\/peoplerelationsconsulting.com\/wp-content\/uploads\/2022\/05\/igualdad-1.png 899w, https:\/\/peoplerelationsconsulting.com\/wp-content\/uploads\/2022\/05\/igualdad-1-600x580.png 600w, https:\/\/peoplerelationsconsulting.com\/wp-content\/uploads\/2022\/05\/igualdad-1-300x290.png 300w, https:\/\/peoplerelationsconsulting.com\/wp-content\/uploads\/2022\/05\/igualdad-1-768x742.png 768w\" sizes=\"(max-width: 899px) 100vw, 899px\" \/>\t\t\t\t\t\t\t\t\t\t\t\t\t\t\t<\/div>\n\t\t\t\t\t<\/div>\n\t\t<\/div>\n\t\t\t\t\t<\/div>\n\t\t<\/section>\n\t\t\t\t\t<\/div>\n\t\t<\/div>\n\t\t\t\t\t<\/div>\n\t\t<\/section>\n\t\t\t\t<section class=\"elementor-section elementor-top-section elementor-element elementor-element-a22a782 elementor-section-boxed elementor-section-height-default elementor-section-height-default elementor-invisible\" data-id=\"a22a782\" data-element_type=\"section\" data-e-type=\"section\" data-settings=\"{&quot;background_background&quot;:&quot;classic&quot;,&quot;animation&quot;:&quot;fadeInUp&quot;}\">\n\t\t\t\t\t\t<div class=\"elementor-container elementor-column-gap-extended\">\n\t\t\t\t\t<div class=\"elementor-column elementor-col-100 elementor-top-column elementor-element elementor-element-23fe923\" data-id=\"23fe923\" data-element_type=\"column\" data-e-type=\"column\">\n\t\t\t<div class=\"elementor-widget-wrap elementor-element-populated\">\n\t\t\t\t\t\t<div class=\"elementor-element elementor-element-b070382 elementor-widget-divider--view-line elementor-widget elementor-widget-divider\" data-id=\"b070382\" data-element_type=\"widget\" data-e-type=\"widget\" data-widget_type=\"divider.default\">\n\t\t\t\t\t\t\t<div class=\"elementor-divider\">\n\t\t\t<span class=\"elementor-divider-separator\">\n\t\t\t\t\t\t<\/span>\n\t\t<\/div>\n\t\t\t\t\t\t<\/div>\n\t\t\t\t<div class=\"elementor-element elementor-element-40af0e0 elementor-widget elementor-widget-heading\" data-id=\"40af0e0\" data-element_type=\"widget\" data-e-type=\"widget\" data-widget_type=\"heading.default\">\n\t\t\t\t\t<p class=\"elementor-heading-title elementor-size-default\">El prop\u00f2sit principal de la intervenci\u00f3 psicosocial laboral \u00e9s assolir el benestar de les persones, abordant tres dimensions diferents:\n\n<\/p>\t\t\t\t<\/div>\n\t\t\t\t<div class=\"elementor-element elementor-element-132b08e elementor-widget elementor-widget-text-editor\" data-id=\"132b08e\" data-element_type=\"widget\" data-e-type=\"widget\" data-widget_type=\"text-editor.default\">\n\t\t\t\t\t\t\t\t\t<p><span style=\"font-style: inherit; font-weight: inherit;\">1. <\/span><b style=\"font-style: inherit;\">Benestar subjectiu<\/b><span style=\"font-style: inherit; font-weight: inherit;\">: Es refereix a l&#8217;equilibri general de satisfaccions i insatisfaccions en la vida, \u00e9s a dir, com una persona avalua els afectes positius i negatius que experimenta en la seva exist\u00e8ncia.<\/span><\/p><p>2. <b>Benestar psicol\u00f2gic:<\/b> Aquest enfocament del benestar considera que la satisfacci\u00f3 i l&#8217;autoestima estan relacionades amb els objectius que cada individu persegueix. Involucra el creixement personal, el domini de l&#8217;entorn, l&#8217;autonomia, l&#8217;autoacceptaci\u00f3 i les relacions positives amb els altres.<\/p><p>3. <b>Benestar social:<\/b> El benestar social es relaciona amb la valoraci\u00f3 que fem de les nostres circumst\u00e0ncies i el nostre funcionament dins de la societat. Implica aspectes com la integraci\u00f3, l&#8217;acceptaci\u00f3, la coher\u00e8ncia i la contribuci\u00f3 social.<\/p>\t\t\t\t\t\t\t\t<\/div>\n\t\t\t\t<section class=\"elementor-section elementor-inner-section elementor-element elementor-element-c33bc4a elementor-section-boxed elementor-section-height-default elementor-section-height-default elementor-invisible\" data-id=\"c33bc4a\" data-element_type=\"section\" data-e-type=\"section\" data-settings=\"{&quot;background_background&quot;:&quot;classic&quot;,&quot;animation&quot;:&quot;fadeInUp&quot;}\">\n\t\t\t\t\t\t<div class=\"elementor-container elementor-column-gap-default\">\n\t\t\t\t\t<div class=\"elementor-column elementor-col-100 elementor-inner-column elementor-element elementor-element-064d758\" data-id=\"064d758\" data-element_type=\"column\" data-e-type=\"column\">\n\t\t\t<div class=\"elementor-widget-wrap elementor-element-populated\">\n\t\t\t\t\t\t<div class=\"elementor-element elementor-element-d1b7062 elementor-widget elementor-widget-heading\" data-id=\"d1b7062\" data-element_type=\"widget\" data-e-type=\"widget\" data-widget_type=\"heading.default\">\n\t\t\t\t\t<h3 class=\"elementor-heading-title elementor-size-default\">Per saber-ne m\u00e9s sobre aquest servei d'intervenci\u00f3 psicosocial laboral a Barcelona, contacteu amb els nostres assessors<\/h3>\t\t\t\t<\/div>\n\t\t\t\t<div class=\"elementor-element elementor-element-1df5fb9 elementor-align-center elementor-widget elementor-widget-button\" data-id=\"1df5fb9\" data-element_type=\"widget\" data-e-type=\"widget\" data-widget_type=\"button.default\">\n\t\t\t\t\t\t\t\t\t\t<a class=\"elementor-button elementor-button-link elementor-size-sm elementor-animation-grow\" href=\"https:\/\/outlook.office.com\/book\/PrimeraConsultora@peoplerelationsconsulting.com\/s\/NF71SHf6G0iscwJTuF9jYw2?ismsaljsauthenabled%20%20https:\/\/outlook.office.com\/book\/PrimeraConsultora@peoplerelationsconsulting.com\/s\/tdUbyUH9mkyeoUQ0upT4Qg2?ismsaljsauthenabled%20%20https:\/\/outlook.office.com\/book\/PrimeraConsultora@peoplerelationsconsulting.com\/s\/v9XuXXN4EUe790VfBaE9KA2?ismsaljsauthenabled%20%20https:\/\/outlook.office.com\/book\/PrimeraConsultora@peoplerelationsconsulting.com\/s\/b7A351Io-UmKn7drZKuwog2?ismsaljsauthenabled\">\n\t\t\t\t\t\t<span class=\"elementor-button-content-wrapper\">\n\t\t\t\t\t\t<span class=\"elementor-button-icon\">\n\t\t\t\t<svg aria-hidden=\"true\" class=\"e-font-icon-svg e-far-envelope\" viewBox=\"0 0 512 512\" xmlns=\"http:\/\/www.w3.org\/2000\/svg\"><path d=\"M464 64H48C21.49 64 0 85.49 0 112v288c0 26.51 21.49 48 48 48h416c26.51 0 48-21.49 48-48V112c0-26.51-21.49-48-48-48zm0 48v40.805c-22.422 18.259-58.168 46.651-134.587 106.49-16.841 13.247-50.201 45.072-73.413 44.701-23.208.375-56.579-31.459-73.413-44.701C106.18 199.465 70.425 171.067 48 152.805V112h416zM48 400V214.398c22.914 18.251 55.409 43.862 104.938 82.646 21.857 17.205 60.134 55.186 103.062 54.955 42.717.231 80.509-37.199 103.053-54.947 49.528-38.783 82.032-64.401 104.947-82.653V400H48z\"><\/path><\/svg>\t\t\t<\/span>\n\t\t\t\t\t\t\t\t\t<span class=\"elementor-button-text\">CONTACTE<\/span>\n\t\t\t\t\t<\/span>\n\t\t\t\t\t<\/a>\n\t\t\t\t\t\t\t\t<\/div>\n\t\t\t\t\t<\/div>\n\t\t<\/div>\n\t\t\t\t\t<\/div>\n\t\t<\/section>\n\t\t\t\t\t<\/div>\n\t\t<\/div>\n\t\t\t\t\t<\/div>\n\t\t<\/section>\n\t\t\t\t<\/div>\n\t\t","protected":false},"excerpt":{"rendered":"<p>Intervenci\u00f3 psicosocial laboral a Barcelona People Relations \u00e9s una companyia innovadora i apassionada que es dedica a proporcionar serveis d&#8217;intervenci\u00f3 psicosocial d&#8217;alta qualitat. Amb un equip de professionals altament capacitats i compromesos, l&#8217;empresa s&#8217;ha guanyat la confian\u00e7a de nombrosos clients i ha demostrat ser un recurs valu\u00f3s per abordar una \u00e0mplia gamma de desafiaments psicosocials [&hellip;]<\/p>\n","protected":false},"author":1,"featured_media":0,"parent":0,"menu_order":0,"comment_status":"closed","ping_status":"closed","template":"","meta":{"site-sidebar-layout":"default","site-content-layout":"","ast-site-content-layout":"default","site-content-style":"default","site-sidebar-style":"default","ast-global-header-display":"","ast-banner-title-visibility":"","ast-main-header-display":"","ast-hfb-above-header-display":"","ast-hfb-below-header-display":"","ast-hfb-mobile-header-display":"","site-post-title":"","ast-breadcrumbs-content":"","ast-featured-img":"","footer-sml-layout":"","ast-disable-related-posts":"","theme-transparent-header-meta":"","adv-header-id-meta":"","stick-header-meta":"","header-above-stick-meta":"","header-main-stick-meta":"","header-below-stick-meta":"","astra-migrate-meta-layouts":"default","ast-page-background-enabled":"default","ast-page-background-meta":{"desktop":{"background-color":"var(--ast-global-color-4)","background-image":"","background-repeat":"repeat","background-position":"center center","background-size":"auto","background-attachment":"scroll","background-type":"","background-media":"","overlay-type":"","overlay-color":"","overlay-opacity":"","overlay-gradient":""},"tablet":{"background-color":"","background-image":"","background-repeat":"repeat","background-position":"center center","background-size":"auto","background-attachment":"scroll","background-type":"","background-media":"","overlay-type":"","overlay-color":"","overlay-opacity":"","overlay-gradient":""},"mobile":{"background-color":"","background-image":"","background-repeat":"repeat","background-position":"center center","background-size":"auto","background-attachment":"scroll","background-type":"","background-media":"","overlay-type":"","overlay-color":"","overlay-opacity":"","overlay-gradient":""}},"ast-content-background-meta":{"desktop":{"background-color":"var(--ast-global-color-5)","background-image":"","background-repeat":"repeat","background-position":"center center","background-size":"auto","background-attachment":"scroll","background-type":"","background-media":"","overlay-type":"","overlay-color":"","overlay-opacity":"","overlay-gradient":""},"tablet":{"background-color":"var(--ast-global-color-5)","background-image":"","background-repeat":"repeat","background-position":"center center","background-size":"auto","background-attachment":"scroll","background-type":"","background-media":"","overlay-type":"","overlay-color":"","overlay-opacity":"","overlay-gradient":""},"mobile":{"background-color":"var(--ast-global-color-5)","background-image":"","background-repeat":"repeat","background-position":"center center","background-size":"auto","background-attachment":"scroll","background-type":"","background-media":"","overlay-type":"","overlay-color":"","overlay-opacity":"","overlay-gradient":""}},"_joinchat":[],"footnotes":""},"class_list":["post-4881","page","type-page","status-publish","hentry"],"_links":{"self":[{"href":"https:\/\/peoplerelationsconsulting.com\/ca\/wp-json\/wp\/v2\/pages\/4881","targetHints":{"allow":["GET"]}}],"collection":[{"href":"https:\/\/peoplerelationsconsulting.com\/ca\/wp-json\/wp\/v2\/pages"}],"about":[{"href":"https:\/\/peoplerelationsconsulting.com\/ca\/wp-json\/wp\/v2\/types\/page"}],"author":[{"embeddable":true,"href":"https:\/\/peoplerelationsconsulting.com\/ca\/wp-json\/wp\/v2\/users\/1"}],"replies":[{"embeddable":true,"href":"https:\/\/peoplerelationsconsulting.com\/ca\/wp-json\/wp\/v2\/comments?post=4881"}],"version-history":[{"count":2,"href":"https:\/\/peoplerelationsconsulting.com\/ca\/wp-json\/wp\/v2\/pages\/4881\/revisions"}],"predecessor-version":[{"id":4887,"href":"https:\/\/peoplerelationsconsulting.com\/ca\/wp-json\/wp\/v2\/pages\/4881\/revisions\/4887"}],"wp:attachment":[{"href":"https:\/\/peoplerelationsconsulting.com\/ca\/wp-json\/wp\/v2\/media?parent=4881"}],"curies":[{"name":"wp","href":"https:\/\/api.w.org\/{rel}","templated":true}]}}