{"id":4864,"date":"2022-05-20T13:59:03","date_gmt":"2022-05-20T11:59:03","guid":{"rendered":"https:\/\/peoplerelationsconsulting.com\/consultoria-organitzacional\/"},"modified":"2026-01-05T12:10:18","modified_gmt":"2026-01-05T10:10:18","slug":"consultoria-organitzacional","status":"publish","type":"page","link":"https:\/\/peoplerelationsconsulting.com\/ca\/consultoria-organitzacional\/","title":{"rendered":"Consultoria organitzacional"},"content":{"rendered":"\t\t<div data-elementor-type=\"wp-post\" data-elementor-id=\"4864\" class=\"elementor elementor-4864 elementor-1134\" data-elementor-post-type=\"page\">\n\t\t\t\t\t\t<section class=\"elementor-section elementor-top-section elementor-element elementor-element-341454d elementor-section-boxed elementor-section-height-default elementor-section-height-default\" data-id=\"341454d\" data-element_type=\"section\" data-e-type=\"section\">\n\t\t\t\t\t\t<div class=\"elementor-container elementor-column-gap-extended\">\n\t\t\t\t\t<div class=\"elementor-column elementor-col-100 elementor-top-column elementor-element elementor-element-0841421\" data-id=\"0841421\" data-element_type=\"column\" data-e-type=\"column\">\n\t\t\t<div class=\"elementor-widget-wrap elementor-element-populated\">\n\t\t\t\t\t\t<div class=\"elementor-element elementor-element-5eb126b elementor-widget-divider--view-line elementor-widget elementor-widget-divider\" data-id=\"5eb126b\" data-element_type=\"widget\" data-e-type=\"widget\" data-widget_type=\"divider.default\">\n\t\t\t\t\t\t\t<div class=\"elementor-divider\">\n\t\t\t<span class=\"elementor-divider-separator\">\n\t\t\t\t\t\t<\/span>\n\t\t<\/div>\n\t\t\t\t\t\t<\/div>\n\t\t\t\t<div class=\"elementor-element elementor-element-c787a95 elementor-widget elementor-widget-heading\" data-id=\"c787a95\" data-element_type=\"widget\" data-e-type=\"widget\" data-widget_type=\"heading.default\">\n\t\t\t\t\t<h1 class=\"elementor-heading-title elementor-size-default\">Consultoria organitzacional a Barcelona<\/h1>\t\t\t\t<\/div>\n\t\t\t\t<section class=\"elementor-section elementor-inner-section elementor-element elementor-element-d0328de elementor-section-boxed elementor-section-height-default elementor-section-height-default\" data-id=\"d0328de\" data-element_type=\"section\" data-e-type=\"section\">\n\t\t\t\t\t\t<div class=\"elementor-container elementor-column-gap-wider\">\n\t\t\t\t\t<div class=\"elementor-column elementor-col-50 elementor-inner-column elementor-element elementor-element-681437a elementor-invisible\" data-id=\"681437a\" data-element_type=\"column\" data-e-type=\"column\" data-settings=\"{&quot;animation&quot;:&quot;slideInLeft&quot;}\">\n\t\t\t<div class=\"elementor-widget-wrap elementor-element-populated\">\n\t\t\t\t\t\t<div class=\"elementor-element elementor-element-defee3e elementor-widget elementor-widget-text-editor\" data-id=\"defee3e\" data-element_type=\"widget\" data-e-type=\"widget\" data-widget_type=\"text-editor.default\">\n\t\t\t\t\t\t\t\t\t<p>Necessita <b>millorar la gesti\u00f3 del talent<\/b> de la seva empresa? People Relations Consulting ofereix consultoria organitzacional per optimitzar l&#8217;adquisici\u00f3, el desenvolupament i la retenci\u00f3 de talent, dissenyant estrat\u00e8gies efectives per atraure els millors professionals.&nbsp;<\/p>\n<p>Desitja <b>implementar processos de canvi organitzacional<\/b> per adaptar els sistemes de gesti\u00f3 a la nova realitat del mercat? La nostra metodologia Valueforyou\u00ae guia la seva empresa en processos de canvi organitzacional, assegurant una transici\u00f3 fluida i exitosa cap a nous paradigmes de treball i models de negoci.&nbsp;<\/p>\n<p>Considera necessari <b>actualitzar sistemes o pol\u00edtiques<\/b> a la seva empresa? People Relations Consulting es compromet amb la millora cont\u00ednua i l&#8217;efici\u00e8ncia operativa, oferint solucions modernes i alineades amb les millors pr\u00e0ctiques de la ind\u00fastria per a sistemes, pol\u00edtiques o procediments desactualitzats.<\/p>\t\t\t\t\t\t\t\t<\/div>\n\t\t\t\t\t<\/div>\n\t\t<\/div>\n\t\t\t\t<div class=\"elementor-column elementor-col-50 elementor-inner-column elementor-element elementor-element-862a463 elementor-invisible\" data-id=\"862a463\" data-element_type=\"column\" data-e-type=\"column\" data-settings=\"{&quot;background_background&quot;:&quot;classic&quot;,&quot;animation&quot;:&quot;slideInRight&quot;}\">\n\t\t\t<div class=\"elementor-widget-wrap elementor-element-populated\">\n\t\t\t\t\t\t<div class=\"elementor-element elementor-element-ba1a449 elementor-widget elementor-widget-image\" data-id=\"ba1a449\" data-element_type=\"widget\" data-e-type=\"widget\" data-widget_type=\"image.default\">\n\t\t\t\t\t\t\t\t\t\t\t\t\t\t\t<img fetchpriority=\"high\" decoding=\"async\" width=\"899\" height=\"869\" src=\"https:\/\/peoplerelationsconsulting.com\/wp-content\/uploads\/2022\/05\/consultoria-organizacion-1.png\" class=\"attachment-large size-large wp-image-4866\" alt=\"Dibuix de consultoria i organitzaci\u00f3 que representa Consultoria organitzacional a Barcelona\" srcset=\"https:\/\/peoplerelationsconsulting.com\/wp-content\/uploads\/2022\/05\/consultoria-organizacion-1.png 899w, https:\/\/peoplerelationsconsulting.com\/wp-content\/uploads\/2022\/05\/consultoria-organizacion-1-600x580.png 600w, https:\/\/peoplerelationsconsulting.com\/wp-content\/uploads\/2022\/05\/consultoria-organizacion-1-300x290.png 300w, https:\/\/peoplerelationsconsulting.com\/wp-content\/uploads\/2022\/05\/consultoria-organizacion-1-768x742.png 768w\" sizes=\"(max-width: 899px) 100vw, 899px\" \/>\t\t\t\t\t\t\t\t\t\t\t\t\t\t\t<\/div>\n\t\t\t\t\t<\/div>\n\t\t<\/div>\n\t\t\t\t\t<\/div>\n\t\t<\/section>\n\t\t\t\t\t<\/div>\n\t\t<\/div>\n\t\t\t\t\t<\/div>\n\t\t<\/section>\n\t\t\t\t<section class=\"elementor-section elementor-top-section elementor-element elementor-element-39923c2 elementor-section-boxed elementor-section-height-default elementor-section-height-default elementor-invisible\" data-id=\"39923c2\" data-element_type=\"section\" data-e-type=\"section\" data-settings=\"{&quot;background_background&quot;:&quot;classic&quot;,&quot;animation&quot;:&quot;fadeInUp&quot;}\">\n\t\t\t\t\t\t<div class=\"elementor-container elementor-column-gap-default\">\n\t\t\t\t\t<div class=\"elementor-column elementor-col-100 elementor-top-column elementor-element elementor-element-52240af\" data-id=\"52240af\" data-element_type=\"column\" data-e-type=\"column\">\n\t\t\t<div class=\"elementor-widget-wrap elementor-element-populated\">\n\t\t\t\t\t\t<div class=\"elementor-element elementor-element-abd3873 elementor-widget-divider--view-line elementor-widget elementor-widget-divider\" data-id=\"abd3873\" data-element_type=\"widget\" data-e-type=\"widget\" data-widget_type=\"divider.default\">\n\t\t\t\t\t\t\t<div class=\"elementor-divider\">\n\t\t\t<span class=\"elementor-divider-separator\">\n\t\t\t\t\t\t<\/span>\n\t\t<\/div>\n\t\t\t\t\t\t<\/div>\n\t\t\t\t<div class=\"elementor-element elementor-element-76b988f elementor-widget elementor-widget-text-editor\" data-id=\"76b988f\" data-element_type=\"widget\" data-e-type=\"widget\" data-widget_type=\"text-editor.default\">\n\t\t\t\t\t\t\t\t\t<p class=\"MsoNormal\"><span style=\"font-size: 17px;\">Els nostres serveis de Consultoria Organitzacional a Barcelona s&#8217;enfoquen en la resoluci\u00f3 i implementaci\u00f3 de les necessitats espec\u00edfiques de cada client. Per aconseguir-ho, apliquem la nostra metodologia de gesti\u00f3 Valueforyou\u00ae, la qual ha estat dissenyada i perfeccionada per assegurar que els objectius de cada projecte s&#8217;assoleixin amb \u00e8xit.<\/span><\/p><p class=\"MsoNormal\">Qu\u00e8 fa que la nostra metodologia sigui \u00fanica? <span style=\"font-size: 17px;\">Enfocament en els resultats: Amb Valueforyou\u00ae, la nostra prioritat \u00e9s garantir que els projectes de consultoria organitzacional que duem a terme produeixin resultats tangibles i mesurables. El nostre enfocament est\u00e0 centrat a obtenir millores significatives i sostenibles en el rendiment i la productivitat del seu negoci.<\/span><\/p><ol style=\"margin-left: 1cm;\" start=\"1\" type=\"1\"><li class=\"MsoNormal\">Acompanyament integral: Creiem que l&#8217;\u00e8xit d&#8217;un projecte de consultoria rau en l&#8217;estreta col\u00b7laboraci\u00f3 amb els nostres clients. Ens submergim en el seu entorn empresarial, comprenem els seus desafiaments i oportunitats, i treballem colze a colze amb el seu equip per desenvolupar solucions personalitzades i adaptades a les seves necessitats espec\u00edfiques.<\/li><li class=\"MsoNormal\">Potenciant el coneixement i el talent intern: Valorem el capital hum\u00e0 de la seva empresa i treballem per empoderar i desenvolupar el talent del seu equip. La nostra metodologia es basa a identificar i nodrir les capacitats existents dins de la seva organitzaci\u00f3, cosa que permet crear un ambient propici per al creixement professional i la millora cont\u00ednua.<\/li><li class=\"MsoNormal\">Flexibilitat i adaptabilitat: Reconeixem que cada empresa \u00e9s \u00fanica i s&#8217;enfronta a desafiaments diferents. Per aix\u00f2, ens adaptem a les seves particularitats i oferim solucions personalitzades, assegurant que cada projecte estigui alineat amb els seus objectius estrat\u00e8gics i valors corporatius.<\/li><\/ol><p class=\"MsoNormal\">El nostre equip d&#8217;experts consultors posseeix \u00e0mplia experi\u00e8ncia en diversos camps de la gesti\u00f3 de persones, cosa que ens permet abordar una \u00e0mplia gamma de desafiaments, des de l&#8217;optimitzaci\u00f3 de processos de recursos humans fins a la millora del clima laboral i la gesti\u00f3 del canvi organitzacional.<\/p><p class=\"MsoNormal\">Confieu en People Relations Consulting per guiar la seva empresa cap a l&#8217;\u00e8xit en la gesti\u00f3 de persones. Estem compromesos amb el seu creixement i desenvolupament, i estem preparats per marcar la difer\u00e8ncia en la seva organitzaci\u00f3 a trav\u00e9s de la nostra metodologia de gesti\u00f3 Valueforyou\u00ae. Contacti&#8217;ns per con\u00e8ixer m\u00e9s sobre com podem ajudar-lo a assolir els seus objectius empresarials.<\/p>\t\t\t\t\t\t\t\t<\/div>\n\t\t\t\t<section class=\"elementor-section elementor-inner-section elementor-element elementor-element-0452d69 elementor-section-boxed elementor-section-height-default elementor-section-height-default elementor-invisible\" data-id=\"0452d69\" data-element_type=\"section\" data-e-type=\"section\" data-settings=\"{&quot;background_background&quot;:&quot;classic&quot;,&quot;animation&quot;:&quot;fadeInUp&quot;}\">\n\t\t\t\t\t\t<div class=\"elementor-container elementor-column-gap-default\">\n\t\t\t\t\t<div class=\"elementor-column elementor-col-100 elementor-inner-column elementor-element elementor-element-3004cbb\" data-id=\"3004cbb\" data-element_type=\"column\" data-e-type=\"column\">\n\t\t\t<div class=\"elementor-widget-wrap elementor-element-populated\">\n\t\t\t\t\t\t<div class=\"elementor-element elementor-element-94b6494 elementor-widget elementor-widget-heading\" data-id=\"94b6494\" data-element_type=\"widget\" data-e-type=\"widget\" data-widget_type=\"heading.default\">\n\t\t\t\t\t<h3 class=\"elementor-heading-title elementor-size-default\">Per saber-ne m\u00e9s sobre aquest servei de Consultoria Organitzacional a Barcelona, contacti amb els nostres assessors<\/h3>\t\t\t\t<\/div>\n\t\t\t\t<div class=\"elementor-element elementor-element-1d271d7 elementor-align-center elementor-widget elementor-widget-button\" data-id=\"1d271d7\" data-element_type=\"widget\" data-e-type=\"widget\" data-widget_type=\"button.default\">\n\t\t\t\t\t\t\t\t\t\t<a class=\"elementor-button elementor-button-link elementor-size-sm elementor-animation-grow\" href=\"https:\/\/outlook.office.com\/book\/PrimeraConsultora@peoplerelationsconsulting.com\/s\/NF71SHf6G0iscwJTuF9jYw2?ismsaljsauthenabled%20%20https:\/\/outlook.office.com\/book\/PrimeraConsultora@peoplerelationsconsulting.com\/s\/tdUbyUH9mkyeoUQ0upT4Qg2?ismsaljsauthenabled%20%20https:\/\/outlook.office.com\/book\/PrimeraConsultora@peoplerelationsconsulting.com\/s\/v9XuXXN4EUe790VfBaE9KA2?ismsaljsauthenabled%20%20https:\/\/outlook.office.com\/book\/PrimeraConsultora@peoplerelationsconsulting.com\/s\/b7A351Io-UmKn7drZKuwog2?ismsaljsauthenabled\">\n\t\t\t\t\t\t<span class=\"elementor-button-content-wrapper\">\n\t\t\t\t\t\t<span class=\"elementor-button-icon\">\n\t\t\t\t<svg aria-hidden=\"true\" class=\"e-font-icon-svg e-far-envelope\" viewBox=\"0 0 512 512\" xmlns=\"http:\/\/www.w3.org\/2000\/svg\"><path d=\"M464 64H48C21.49 64 0 85.49 0 112v288c0 26.51 21.49 48 48 48h416c26.51 0 48-21.49 48-48V112c0-26.51-21.49-48-48-48zm0 48v40.805c-22.422 18.259-58.168 46.651-134.587 106.49-16.841 13.247-50.201 45.072-73.413 44.701-23.208.375-56.579-31.459-73.413-44.701C106.18 199.465 70.425 171.067 48 152.805V112h416zM48 400V214.398c22.914 18.251 55.409 43.862 104.938 82.646 21.857 17.205 60.134 55.186 103.062 54.955 42.717.231 80.509-37.199 103.053-54.947 49.528-38.783 82.032-64.401 104.947-82.653V400H48z\"><\/path><\/svg>\t\t\t<\/span>\n\t\t\t\t\t\t\t\t\t<span class=\"elementor-button-text\">CONTACTE<\/span>\n\t\t\t\t\t<\/span>\n\t\t\t\t\t<\/a>\n\t\t\t\t\t\t\t\t<\/div>\n\t\t\t\t\t<\/div>\n\t\t<\/div>\n\t\t\t\t\t<\/div>\n\t\t<\/section>\n\t\t\t\t\t<\/div>\n\t\t<\/div>\n\t\t\t\t\t<\/div>\n\t\t<\/section>\n\t\t\t\t<\/div>\n\t\t","protected":false},"excerpt":{"rendered":"<p>Consultoria organitzacional a Barcelona Necessita millorar la gesti\u00f3 del talent de la seva empresa? People Relations Consulting ofereix consultoria organitzacional per optimitzar l&#8217;adquisici\u00f3, el desenvolupament i la retenci\u00f3 de talent, dissenyant estrat\u00e8gies efectives per atraure els millors professionals.&nbsp; Desitja implementar processos de canvi organitzacional per adaptar els sistemes de gesti\u00f3 a la nova realitat del [&hellip;]<\/p>\n","protected":false},"author":1,"featured_media":0,"parent":0,"menu_order":0,"comment_status":"closed","ping_status":"closed","template":"","meta":{"site-sidebar-layout":"default","site-content-layout":"","ast-site-content-layout":"default","site-content-style":"default","site-sidebar-style":"default","ast-global-header-display":"","ast-banner-title-visibility":"","ast-main-header-display":"","ast-hfb-above-header-display":"","ast-hfb-below-header-display":"","ast-hfb-mobile-header-display":"","site-post-title":"","ast-breadcrumbs-content":"","ast-featured-img":"","footer-sml-layout":"","ast-disable-related-posts":"","theme-transparent-header-meta":"","adv-header-id-meta":"","stick-header-meta":"","header-above-stick-meta":"","header-main-stick-meta":"","header-below-stick-meta":"","astra-migrate-meta-layouts":"default","ast-page-background-enabled":"default","ast-page-background-meta":{"desktop":{"background-color":"var(--ast-global-color-4)","background-image":"","background-repeat":"repeat","background-position":"center center","background-size":"auto","background-attachment":"scroll","background-type":"","background-media":"","overlay-type":"","overlay-color":"","overlay-opacity":"","overlay-gradient":""},"tablet":{"background-color":"","background-image":"","background-repeat":"repeat","background-position":"center center","background-size":"auto","background-attachment":"scroll","background-type":"","background-media":"","overlay-type":"","overlay-color":"","overlay-opacity":"","overlay-gradient":""},"mobile":{"background-color":"","background-image":"","background-repeat":"repeat","background-position":"center center","background-size":"auto","background-attachment":"scroll","background-type":"","background-media":"","overlay-type":"","overlay-color":"","overlay-opacity":"","overlay-gradient":""}},"ast-content-background-meta":{"desktop":{"background-color":"var(--ast-global-color-5)","background-image":"","background-repeat":"repeat","background-position":"center center","background-size":"auto","background-attachment":"scroll","background-type":"","background-media":"","overlay-type":"","overlay-color":"","overlay-opacity":"","overlay-gradient":""},"tablet":{"background-color":"var(--ast-global-color-5)","background-image":"","background-repeat":"repeat","background-position":"center center","background-size":"auto","background-attachment":"scroll","background-type":"","background-media":"","overlay-type":"","overlay-color":"","overlay-opacity":"","overlay-gradient":""},"mobile":{"background-color":"var(--ast-global-color-5)","background-image":"","background-repeat":"repeat","background-position":"center center","background-size":"auto","background-attachment":"scroll","background-type":"","background-media":"","overlay-type":"","overlay-color":"","overlay-opacity":"","overlay-gradient":""}},"_joinchat":[],"footnotes":""},"class_list":["post-4864","page","type-page","status-publish","hentry"],"_links":{"self":[{"href":"https:\/\/peoplerelationsconsulting.com\/ca\/wp-json\/wp\/v2\/pages\/4864","targetHints":{"allow":["GET"]}}],"collection":[{"href":"https:\/\/peoplerelationsconsulting.com\/ca\/wp-json\/wp\/v2\/pages"}],"about":[{"href":"https:\/\/peoplerelationsconsulting.com\/ca\/wp-json\/wp\/v2\/types\/page"}],"author":[{"embeddable":true,"href":"https:\/\/peoplerelationsconsulting.com\/ca\/wp-json\/wp\/v2\/users\/1"}],"replies":[{"embeddable":true,"href":"https:\/\/peoplerelationsconsulting.com\/ca\/wp-json\/wp\/v2\/comments?post=4864"}],"version-history":[{"count":2,"href":"https:\/\/peoplerelationsconsulting.com\/ca\/wp-json\/wp\/v2\/pages\/4864\/revisions"}],"predecessor-version":[{"id":4872,"href":"https:\/\/peoplerelationsconsulting.com\/ca\/wp-json\/wp\/v2\/pages\/4864\/revisions\/4872"}],"wp:attachment":[{"href":"https:\/\/peoplerelationsconsulting.com\/ca\/wp-json\/wp\/v2\/media?parent=4864"}],"curies":[{"name":"wp","href":"https:\/\/api.w.org\/{rel}","templated":true}]}}