{"id":4809,"date":"2023-09-12T14:56:44","date_gmt":"2023-09-12T12:56:44","guid":{"rendered":"https:\/\/peoplerelationsconsulting.com\/canal-de-denuncies\/"},"modified":"2026-01-08T13:52:37","modified_gmt":"2026-01-08T11:52:37","slug":"canal-de-denuncies","status":"publish","type":"page","link":"https:\/\/peoplerelationsconsulting.com\/ca\/canal-de-denuncies\/","title":{"rendered":"Canal de den\u00fancies"},"content":{"rendered":"\t\t<div data-elementor-type=\"wp-post\" data-elementor-id=\"4809\" class=\"elementor elementor-4809 elementor-3010\" data-elementor-post-type=\"page\">\n\t\t\t\t\t\t<section class=\"elementor-section elementor-top-section elementor-element elementor-element-2da7148 elementor-section-boxed elementor-section-height-default elementor-section-height-default\" data-id=\"2da7148\" data-element_type=\"section\" data-e-type=\"section\">\n\t\t\t\t\t\t<div class=\"elementor-container elementor-column-gap-default\">\n\t\t\t\t\t<div class=\"elementor-column elementor-col-100 elementor-top-column elementor-element elementor-element-2ab7e6f\" data-id=\"2ab7e6f\" data-element_type=\"column\" data-e-type=\"column\" data-settings=\"{&quot;background_background&quot;:&quot;classic&quot;}\">\n\t\t\t<div class=\"elementor-widget-wrap elementor-element-populated\">\n\t\t\t\t\t\t<div class=\"elementor-element elementor-element-9d49a04 elementor-widget elementor-widget-heading\" data-id=\"9d49a04\" data-element_type=\"widget\" data-e-type=\"widget\" data-widget_type=\"heading.default\">\n\t\t\t\t\t<h1 class=\"elementor-heading-title elementor-size-default\">Canal de den\u00fancies<\/h1>\t\t\t\t<\/div>\n\t\t\t\t<div class=\"elementor-element elementor-element-3c5e7eb elementor-widget elementor-widget-shortcode\" data-id=\"3c5e7eb\" data-element_type=\"widget\" data-e-type=\"widget\" data-widget_type=\"shortcode.default\">\n\t\t\t\t\t\t\t<div class=\"elementor-shortcode\"><div class=\"wpforms-container wpforms-container-full\" id=\"wpforms-5072\"><form id=\"wpforms-form-5072\" class=\"wpforms-validate wpforms-form wpforms-ajax-form\" data-formid=\"5072\" method=\"post\" enctype=\"multipart\/form-data\" action=\"\/ca\/wp-json\/wp\/v2\/pages\/4809?wpforms_form_id=5072\" data-token=\"a898511d32273dd72015d0aa77cbcd4d\"><noscript class=\"wpforms-error-noscript\">Activeu el JavaScript al navegador per a poder completar el formulari.<\/noscript><div class=\"wpforms-page-indicator progress\" data-indicator=\"progress\" data-indicator-color=\"#104175\" data-scroll=\"1\"><span class=\"wpforms-page-indicator-page-title\" ><\/span><span class=\"wpforms-page-indicator-page-title-sep\" style=\"display:none;\"> - <\/span><span class=\"wpforms-page-indicator-steps\">Step <span class=\"wpforms-page-indicator-steps-current\">1<\/span> of 2<\/span><div class=\"wpforms-page-indicator-page-progress-wrap\"><div class=\"wpforms-page-indicator-page-progress\" style=\"width:50%;background-color:#104175\"><\/div><\/div><\/div><div class=\"wpforms-field-container\"><div class=\"wpforms-page wpforms-page-1 \" data-page=\"1\"><div id=\"wpforms-5072-field_4-container\" class=\"wpforms-field wpforms-field-pagebreak\" data-field-id=\"4\"><\/div><div id=\"wpforms-5072-field_7-container\" class=\"wpforms-field wpforms-field-html denunciaform\" data-field-id=\"7\"><div id=\"wpforms-5072-field_7\"><h3>Den\u00fancia an\u00f2nima d\u2019assumptes greus<\/h3>\r\n<p>A trav\u00e9s d\u2019aquesta p\u00e0gina, podeu enviar informaci\u00f3 sobre conductes reprovables o denunciar accions poc \u00e8tiques, il\u00b7legals o que vulnerin les pol\u00edtiques internes. Aquest sistema s\u2019ha d\u2019utilitzar per posar de manifest assumptes que d\u2019altra manera no haurien sortit a la llum.<\/p>\r\n\r\n<p>Es pot denunciar de manera confidencial indicant el nom i la informaci\u00f3 de contacte o, si es prefereix, de manera 100% an\u00f2nima.<\/p>\r\n\r\n<p>Totes les comunicacions es tracten de manera confidencial i segura.<\/p><br>\r\n\r\n<h3>Assumptes relacionats amb RRHH<\/h3>\r\n\r\n<p>Els assumptes relacionats amb Recursos Humans no es poden denunciar mitjan\u00e7ant aquest sistema, sin\u00f3 que s\u2019han de tractar amb el\/la manager responsable, la direcci\u00f3 o Recursos Humans.<\/p>\r\n\r\n<p>Des d\u2019aquesta p\u00e0gina, podeu presentar una nova comunicaci\u00f3 segura o fer el seguiment d\u2019una comunicaci\u00f3 existent.<\/p><br>\r\n\r\n<h3>Fer el seguiment de les vostres comunicacions pot ser rellevant per nombroses raons:<\/h3>\r\n<p>1. Voleu consultar l\u2019estat de la vostra comunicaci\u00f3 per comprovar si s\u2019estan prenent mesures.<\/p>\r\n<p>2. Voleu aportar informaci\u00f3 addicional a la vostra comunicaci\u00f3.<\/p>\r\n<p>3. Els administradors del sistema us han sol\u00b7licitat informaci\u00f3 addicional per ajudar-los a resoldre el problema o prendre l\u2019acci\u00f3 adequada.<\/p>\r\n<br>\r\n<p>Podeu obtenir m\u00e9s informaci\u00f3 sobre la Llei de protecci\u00f3 a les persones informants (Llei de Whistleblowing) a Espanya <a href=\"https:\/\/boe.es\/buscar\/act.php?id=BOE-A-2023-4513\" target=\"_blank\" rel=\"noopener\">aqu\u00ed<\/a>.<\/p>\r\n\r\n<p>Llegiu la informaci\u00f3 rellevant abans de presentar la vostra comunicaci\u00f3 al canal <a href=\"peoplerelationsconsulting.com\/info-denuncias\">aqu\u00ed<\/a>.<\/p>\r\n<\/div><\/div><div id=\"wpforms-5072-field_3-container\" class=\"wpforms-field wpforms-field-pagebreak\" data-field-id=\"3\"><div class=\"wpforms-clear wpforms-pagebreak-left\"><button class=\"wpforms-page-button wpforms-page-next\" data-action=\"next\" data-page=\"1\" data-formid=\"5072\" disabled>Denunciar<\/button><\/div><\/div><\/div><div class=\"wpforms-page wpforms-page-2 last \" data-page=\"2\" style=\"display:none;\"><div id=\"wpforms-5072-field_9-container\" class=\"wpforms-field wpforms-field-radio wpforms-list-inline wpforms-conditional-trigger\" data-field-id=\"9\"><label class=\"wpforms-field-label\" for=\"wpforms-5072-field_9\">Trieu com us agradaria informar <span class=\"wpforms-required-label\">*<\/span><\/label><ul id=\"wpforms-5072-field_9\" class=\"wpforms-field-required wpforms-icon-choices wpforms-icon-choices-classic wpforms-icon-choices-large\" style=\"--wpforms-icon-choices-color: #104175;\"><li class=\"choice-1 depth-1 wpforms-icon-choices-item\"><label class=\"wpforms-field-label-inline\" for=\"wpforms-5072-field_9_1\">\n\t\t\t\t<span class=\"wpforms-icon-choices-icon\">\n\t\t\t\t\t<svg xmlns=\"http:\/\/www.w3.org\/2000\/svg\" width=\"80\" height=\"64px\" viewBox=\"0 0 448 512\"><!--! Font Awesome Free 6.4.0 by @fontawesome - https:\/\/fontawesome.com License - https:\/\/fontawesome.com\/license\/free (Icons: CC BY 4.0, Fonts: SIL OFL 1.1, Code: MIT License) Copyright 2023 Fonticons, Inc. --><path d=\"M224 256A128 128 0 1 1 224 0a128 128 0 1 1 0 256zM209.1 359.2l-18.6-31c-6.4-10.7 1.3-24.2 13.7-24.2H224h19.7c12.4 0 20.1 13.6 13.7 24.2l-18.6 31 33.4 123.9 36-146.9c2-8.1 9.8-13.4 17.9-11.3c70.1 17.6 121.9 81 121.9 156.4c0 17-13.8 30.7-30.7 30.7H285.5c-2.1 0-4-.4-5.8-1.1l.3 1.1H168l.3-1.1c-1.8 .7-3.8 1.1-5.8 1.1H30.7C13.8 512 0 498.2 0 481.3c0-75.5 51.9-138.9 121.9-156.4c8.1-2 15.9 3.3 17.9 11.3l36 146.9 33.4-123.9z\"\/><\/svg>\n\t\t\t\t\t<span class=\"wpforms-icon-choices-icon-bg\"><\/span>\n\t\t\t\t<\/span>\n\t\t\t\t<input type=\"radio\" id=\"wpforms-5072-field_9_1\" class=\"wpforms-screen-reader-element\" name=\"wpforms[fields][9]\" value=\"Reportar confidencialment\" required >\n\t\t\t\t<span class=\"wpforms-icon-choices-label\">Reportar confidencialment<\/span>\n\t\t\t<\/label><\/li><li class=\"choice-2 depth-1 wpforms-icon-choices-item\"><label class=\"wpforms-field-label-inline\" for=\"wpforms-5072-field_9_2\">\n\t\t\t\t<span class=\"wpforms-icon-choices-icon\">\n\t\t\t\t\t<svg xmlns=\"http:\/\/www.w3.org\/2000\/svg\" width=\"80\" height=\"64px\" viewBox=\"0 0 448 512\"><!--! Font Awesome Free 6.4.0 by @fontawesome - https:\/\/fontawesome.com License - https:\/\/fontawesome.com\/license\/free (Icons: CC BY 4.0, Fonts: SIL OFL 1.1, Code: MIT License) Copyright 2023 Fonticons, Inc. --><path d=\"M224 16c-6.7 0-10.8-2.8-15.5-6.1C201.9 5.4 194 0 176 0c-30.5 0-52 43.7-66 89.4C62.7 98.1 32 112.2 32 128c0 14.3 25 27.1 64.6 35.9c-.4 4-.6 8-.6 12.1c0 17 3.3 33.2 9.3 48H45.4C38 224 32 230 32 237.4c0 1.7 .3 3.4 1 5l38.8 96.9C28.2 371.8 0 423.8 0 482.3C0 498.7 13.3 512 29.7 512H418.3c16.4 0 29.7-13.3 29.7-29.7c0-58.5-28.2-110.4-71.7-143L415 242.4c.6-1.6 1-3.3 1-5c0-7.4-6-13.4-13.4-13.4H342.7c6-14.8 9.3-31 9.3-48c0-4.1-.2-8.1-.6-12.1C391 155.1 416 142.3 416 128c0-15.8-30.7-29.9-78-38.6C324 43.7 302.5 0 272 0c-18 0-25.9 5.4-32.5 9.9c-4.8 3.3-8.8 6.1-15.5 6.1zm56 208H267.6c-16.5 0-31.1-10.6-36.3-26.2c-2.3-7-12.2-7-14.5 0c-5.2 15.6-19.9 26.2-36.3 26.2H168c-22.1 0-40-17.9-40-40V169.6c28.2 4.1 61 6.4 96 6.4s67.8-2.3 96-6.4V184c0 22.1-17.9 40-40 40zm-88 96l16 32L176 480 128 288l64 32zm128-32L272 480 240 352l16-32 64-32z\"\/><\/svg>\n\t\t\t\t\t<span class=\"wpforms-icon-choices-icon-bg\"><\/span>\n\t\t\t\t<\/span>\n\t\t\t\t<input type=\"radio\" id=\"wpforms-5072-field_9_2\" class=\"wpforms-screen-reader-element\" name=\"wpforms[fields][9]\" value=\"Reportar an\u00f2nimament\" required >\n\t\t\t\t<span class=\"wpforms-icon-choices-label\">Reportar an\u00f2nimament<\/span>\n\t\t\t<\/label><\/li><\/ul><div class=\"wpforms-field-description\">T\u00e9 l'opci\u00f3 de fer un informe de manera confidencial, on nom\u00e9s les persones encarregades de manejar el seu cas tindran coneixement de la seva identitat, la qual es mantindr\u00e0 an\u00f2nima i confidencial per als altres involucrats en el proc\u00e9s. D'altra banda, podeu optar per reportar de forma completament an\u00f2nima si preferiu no revelar la vostra identitat a cap persona durant el proc\u00e9s de reporti.<\/div><\/div><div id=\"wpforms-5072-field_16-container\" class=\"wpforms-field wpforms-field-textarea\" data-field-id=\"16\"><label class=\"wpforms-field-label\" for=\"wpforms-5072-field_16\">Descripci\u00f3 <span class=\"wpforms-required-label\">*<\/span><\/label><textarea id=\"wpforms-5072-field_16\" class=\"wpforms-field-medium wpforms-field-required\" name=\"wpforms[fields][16]\" required><\/textarea><\/div><div id=\"wpforms-5072-field_11-container\" class=\"wpforms-field wpforms-field-payment-select wpforms-field-select-style-classic\" data-field-id=\"11\"><label class=\"wpforms-field-label\" for=\"wpforms-5072-field_11\">Seleccionar categories associades al cas <span class=\"wpforms-required-label\">*<\/span><\/label><select id=\"wpforms-5072-field_11\" class=\"wpforms-payment-price wpforms-field-medium wpforms-field-required\" name=\"wpforms[fields][11]\" required=\"required\"><option value=\"\" class=\"placeholder\" disabled  selected='selected'>Trieu una opci\u00f3<\/option><option value=\"1\" data-amount=\"0.00\" >Ab\u00fas de poder<\/option><option value=\"6\" data-amount=\"0.00\" >Comportament inacceptable<\/option><option value=\"5\" data-amount=\"0.00\" >Conflicte d&#039;interessos<\/option><option value=\"4\" data-amount=\"0.00\" >Corrupci\u00f3<\/option><option value=\"7\" data-amount=\"0.00\" >Drets i protecci\u00f3 de les persones<\/option><option value=\"8\" data-amount=\"0.00\" >Explotaci\u00f3, ab\u00fas o assetjament sexual<\/option><option value=\"9\" data-amount=\"0.00\" >Frau<\/option><option value=\"10\" data-amount=\"0.00\" >Frau d&#039;adquisicions<\/option><option value=\"11\" data-amount=\"0.00\" >Rentat de diners<\/option><option value=\"12\" data-amount=\"0.00\" >Llei d&#039;auditoria<\/option><option value=\"13\" data-amount=\"0.00\" >Llei de cont\u00e8ncia<\/option><option value=\"14\" data-amount=\"0.00\" >Un altre<\/option><option value=\"15\" data-amount=\"0.00\" >Protecci\u00f3 dels nens<\/option><option value=\"16\" data-amount=\"0.00\" >Suborn<\/option><option value=\"17\" data-amount=\"0.00\" >Terrorisme<\/option><\/select><\/div><div id=\"wpforms-5072-field_14-container\" class=\"wpforms-field wpforms-field-name wpforms-conditional-field wpforms-conditional-show\" data-field-id=\"14\" style=\"display:none;\"><label class=\"wpforms-field-label\" for=\"wpforms-5072-field_14\">Nom <span class=\"wpforms-required-label\">*<\/span><\/label><div class=\"wpforms-field-row wpforms-field-medium\"><div class=\"wpforms-field-row-block wpforms-first wpforms-one-half\"><input type=\"text\" id=\"wpforms-5072-field_14\" class=\"wpforms-field-name-first wpforms-field-required\" name=\"wpforms[fields][14][first]\" required><label for=\"wpforms-5072-field_14\" class=\"wpforms-field-sublabel after wpforms-sublabel-hide\">Nombre<\/label><\/div><div class=\"wpforms-field-row-block wpforms-one-half\"><input type=\"text\" id=\"wpforms-5072-field_14-last\" class=\"wpforms-field-name-last wpforms-field-required\" name=\"wpforms[fields][14][last]\" required><label for=\"wpforms-5072-field_14-last\" class=\"wpforms-field-sublabel after wpforms-sublabel-hide\">Apellidos<\/label><\/div><\/div><\/div><div id=\"wpforms-5072-field_17-container\" class=\"wpforms-field wpforms-field-phone wpforms-conditional-field wpforms-conditional-show\" data-field-id=\"17\" style=\"display:none;\"><label class=\"wpforms-field-label\" for=\"wpforms-5072-field_17\">Tel\u00e8fon (opcional)<\/label><input type=\"tel\" id=\"wpforms-5072-field_17\" class=\"wpforms-field-medium wpforms-smart-phone-field\" data-rule-smart-phone-field=\"true\" name=\"wpforms[fields][17]\" ><\/div><div id=\"wpforms-5072-field_18-container\" class=\"wpforms-field wpforms-field-select wpforms-field-select-style-classic\" data-field-id=\"18\"><label class=\"wpforms-field-label\" for=\"wpforms-5072-field_18\">Agent encarregat <span class=\"wpforms-required-label\">*<\/span><\/label><select id=\"wpforms-5072-field_18\" class=\"wpforms-field-medium wpforms-field-required\" name=\"wpforms[fields][18]\" required=\"required\"><option value=\"Joan Pau Mar\u00ed Serra\"  selected='selected'>Joan Pau Mar\u00ed Serra<\/option><\/select><\/div><div id=\"wpforms-5072-field_12-container\" class=\"wpforms-field wpforms-field-file-upload\" data-field-id=\"12\"><label class=\"wpforms-field-label\" for=\"wpforms-5072-field_12\">Pujada d&#039;arxiu<\/label><div\n\t\tclass=\"wpforms-uploader\"\n\t\tdata-field-id=\"12\"\n\t\tdata-form-id=\"5072\"\n\t\tdata-input-name=\"wpforms_5072_12\"\n\t\tdata-extensions=\"jpg,jpeg,jpe,gif,png,bmp,tiff,tif,webp,avif,ico,heic,heif,heics,heifs,asf,asx,wmv,wmx,wm,avi,divx,mov,qt,mpeg,mpg,mpe,mp4,m4v,ogv,webm,mkv,3gp,3gpp,3g2,3gp2,txt,asc,c,cc,h,srt,csv,tsv,ics,rtx,css,vtt,mp3,m4a,m4b,aac,ra,ram,wav,x-wav,ogg,oga,flac,mid,midi,wma,wax,mka,rtf,pdf,class,tar,zip,gz,gzip,rar,7z,psd,xcf,doc,pot,pps,ppt,wri,xla,xls,xlt,xlw,mpp,docx,docm,dotx,dotm,xlsx,xlsm,xlsb,xltx,xltm,xlam,pptx,pptm,ppsx,ppsm,potx,potm,ppam,sldx,sldm,onetoc,onetoc2,onepkg,oxps,xps,odt,odp,ods,odg,odc,odb,odf,wp,wpd,key,numbers,pages\"\n\t\tdata-max-size=\"3221225472\"\n\t\tdata-max-file-number=\"1\"\n\t\tdata-post-max-size=\"3221225472\"\n\t\tdata-max-parallel-uploads=\"4\"\n\t\tdata-parallel-uploads=\"true\"\n\t\tdata-file-chunk-size=\"2097152\">\n\t<div class=\"dz-message\">\n\t\t<svg viewBox=\"0 0 1024 1024\" focusable=\"false\" data-icon=\"inbox\" width=\"50px\" height=\"50px\" fill=\"currentColor\" aria-hidden=\"true\">\n\t\t\t<path d=\"M885.2 446.3l-.2-.8-112.2-285.1c-5-16.1-19.9-27.2-36.8-27.2H281.2c-17 0-32.1 11.3-36.9 27.6L139.4 443l-.3.7-.2.8c-1.3 4.9-1.7 9.9-1 14.8-.1 1.6-.2 3.2-.2 4.8V830a60.9 60.9 0 0 0 60.8 60.8h627.2c33.5 0 60.8-27.3 60.9-60.8V464.1c0-1.3 0-2.6-.1-3.7.4-4.9 0-9.6-1.3-14.1zm-295.8-43l-.3 15.7c-.8 44.9-31.8 75.1-77.1 75.1-22.1 0-41.1-7.1-54.8-20.6S436 441.2 435.6 419l-.3-15.7H229.5L309 210h399.2l81.7 193.3H589.4zm-375 76.8h157.3c24.3 57.1 76 90.8 140.4 90.8 33.7 0 65-9.4 90.3-27.2 22.2-15.6 39.5-37.4 50.7-63.6h156.5V814H214.4V480.1z\"><\/path>\n\t\t<\/svg>\n\t\t<span class=\"modern-title\">Click or drag a file to this area to upload.<\/span>\n\n\t\t\t<\/div>\n<\/div>\n<input\n\t\ttype=\"text\"\n\t\tautocomplete=\"off\"\n\t\tclass=\"dropzone-input\"\n\t\tstyle=\"position:absolute!important;clip:rect(0,0,0,0)!important;height:1px!important;width:1px!important;border:0!important;overflow:hidden!important;padding:0!important;margin:0!important;\"\n\t\tid=\"wpforms-5072-field_12\"\n\t\tname=\"wpforms_5072_12\" \t\tvalue=\"\">\n<\/div><div id=\"wpforms-5072-field_5-container\" class=\"wpforms-field wpforms-field-pagebreak\" data-field-id=\"5\"><div class=\"wpforms-clear wpforms-pagebreak-left\"><\/div><\/div><\/div><\/div><!-- .wpforms-field-container --><div class=\"wpforms-submit-container\" style=\"display:none;\"><input type=\"hidden\" name=\"wpforms[id]\" value=\"5072\"><input type=\"hidden\" name=\"wpforms[author]\" value=\"0\"><button type=\"submit\" name=\"wpforms[submit]\" id=\"wpforms-submit-5072\" class=\"wpforms-submit\" data-alt-text=\"Enviant...\" data-submit-text=\"Enviar\" aria-live=\"assertive\" value=\"wpforms-submit\">Enviar<\/button><img decoding=\"async\" src=\"https:\/\/peoplerelationsconsulting.com\/wp-content\/plugins\/wpforms\/assets\/images\/submit-spin.svg\" class=\"wpforms-submit-spinner\" style=\"display: none;\" width=\"26\" height=\"26\" alt=\"S&#039;est\u00e0 carregant\"><\/div><\/form><\/div>  <!-- .wpforms-container --><\/div>\n\t\t\t\t\t\t<\/div>\n\t\t\t\t\t<\/div>\n\t\t<\/div>\n\t\t\t\t\t<\/div>\n\t\t<\/section>\n\t\t\t\t<\/div>\n\t\t","protected":false},"excerpt":{"rendered":"<p>Canal de den\u00fancies<\/p>\n","protected":false},"author":28,"featured_media":0,"parent":0,"menu_order":0,"comment_status":"closed","ping_status":"closed","template":"","meta":{"site-sidebar-layout":"default","site-content-layout":"","ast-site-content-layout":"default","site-content-style":"default","site-sidebar-style":"default","ast-global-header-display":"","ast-banner-title-visibility":"","ast-main-header-display":"","ast-hfb-above-header-display":"","ast-hfb-below-header-display":"","ast-hfb-mobile-header-display":"","site-post-title":"","ast-breadcrumbs-content":"","ast-featured-img":"","footer-sml-layout":"","ast-disable-related-posts":"","theme-transparent-header-meta":"","adv-header-id-meta":"","stick-header-meta":"","header-above-stick-meta":"","header-main-stick-meta":"","header-below-stick-meta":"","astra-migrate-meta-layouts":"default","ast-page-background-enabled":"default","ast-page-background-meta":{"desktop":{"background-color":"var(--ast-global-color-4)","background-image":"","background-repeat":"repeat","background-position":"center center","background-size":"auto","background-attachment":"scroll","background-type":"","background-media":"","overlay-type":"","overlay-color":"","overlay-opacity":"","overlay-gradient":""},"tablet":{"background-color":"","background-image":"","background-repeat":"repeat","background-position":"center center","background-size":"auto","background-attachment":"scroll","background-type":"","background-media":"","overlay-type":"","overlay-color":"","overlay-opacity":"","overlay-gradient":""},"mobile":{"background-color":"","background-image":"","background-repeat":"repeat","background-position":"center center","background-size":"auto","background-attachment":"scroll","background-type":"","background-media":"","overlay-type":"","overlay-color":"","overlay-opacity":"","overlay-gradient":""}},"ast-content-background-meta":{"desktop":{"background-color":"var(--ast-global-color-5)","background-image":"","background-repeat":"repeat","background-position":"center center","background-size":"auto","background-attachment":"scroll","background-type":"","background-media":"","overlay-type":"","overlay-color":"","overlay-opacity":"","overlay-gradient":""},"tablet":{"background-color":"var(--ast-global-color-5)","background-image":"","background-repeat":"repeat","background-position":"center center","background-size":"auto","background-attachment":"scroll","background-type":"","background-media":"","overlay-type":"","overlay-color":"","overlay-opacity":"","overlay-gradient":""},"mobile":{"background-color":"var(--ast-global-color-5)","background-image":"","background-repeat":"repeat","background-position":"center center","background-size":"auto","background-attachment":"scroll","background-type":"","background-media":"","overlay-type":"","overlay-color":"","overlay-opacity":"","overlay-gradient":""}},"_joinchat":[],"footnotes":""},"class_list":["post-4809","page","type-page","status-publish","hentry"],"_links":{"self":[{"href":"https:\/\/peoplerelationsconsulting.com\/ca\/wp-json\/wp\/v2\/pages\/4809","targetHints":{"allow":["GET"]}}],"collection":[{"href":"https:\/\/peoplerelationsconsulting.com\/ca\/wp-json\/wp\/v2\/pages"}],"about":[{"href":"https:\/\/peoplerelationsconsulting.com\/ca\/wp-json\/wp\/v2\/types\/page"}],"author":[{"embeddable":true,"href":"https:\/\/peoplerelationsconsulting.com\/ca\/wp-json\/wp\/v2\/users\/28"}],"replies":[{"embeddable":true,"href":"https:\/\/peoplerelationsconsulting.com\/ca\/wp-json\/wp\/v2\/comments?post=4809"}],"version-history":[{"count":4,"href":"https:\/\/peoplerelationsconsulting.com\/ca\/wp-json\/wp\/v2\/pages\/4809\/revisions"}],"predecessor-version":[{"id":5092,"href":"https:\/\/peoplerelationsconsulting.com\/ca\/wp-json\/wp\/v2\/pages\/4809\/revisions\/5092"}],"wp:attachment":[{"href":"https:\/\/peoplerelationsconsulting.com\/ca\/wp-json\/wp\/v2\/media?parent=4809"}],"curies":[{"name":"wp","href":"https:\/\/api.w.org\/{rel}","templated":true}]}}