{"id":4732,"date":"2025-12-09T12:07:46","date_gmt":"2025-12-09T10:07:46","guid":{"rendered":"https:\/\/peoplerelationsconsulting.com\/igualtat-diversitat-i-protocols-dassetjament\/"},"modified":"2026-01-05T11:37:53","modified_gmt":"2026-01-05T09:37:53","slug":"igualtat-diversitat-i-protocols-dassetjament","status":"publish","type":"page","link":"https:\/\/peoplerelationsconsulting.com\/ca\/igualtat-diversitat-i-protocols-dassetjament\/","title":{"rendered":"Igualtat, diversitat i protocols d&#8217;assetjament"},"content":{"rendered":"\t\t<div data-elementor-type=\"wp-page\" data-elementor-id=\"4732\" class=\"elementor elementor-4732 elementor-4427\" data-elementor-post-type=\"page\">\n\t\t\t\t<div class=\"elementor-element elementor-element-7260d81 e-flex e-con-boxed e-con e-parent\" data-id=\"7260d81\" data-element_type=\"container\" data-e-type=\"container\" data-settings=\"{&quot;background_background&quot;:&quot;classic&quot;}\">\n\t\t\t\t\t<div class=\"e-con-inner\">\n\t\t\t\t<div class=\"elementor-element elementor-element-7a9400a elementor-widget elementor-widget-heading\" data-id=\"7a9400a\" data-element_type=\"widget\" data-e-type=\"widget\" data-widget_type=\"heading.default\">\n\t\t\t\t\t<h2 class=\"elementor-heading-title elementor-size-default\">1. Igualtat, diversitat i protocols d'assetjament<\/h2>\t\t\t\t<\/div>\n\t\t\t\t\t<\/div>\n\t\t\t\t<\/div>\n\t\t<div class=\"elementor-element elementor-element-db4e4af e-flex e-con-boxed e-con e-parent\" data-id=\"db4e4af\" data-element_type=\"container\" data-e-type=\"container\">\n\t\t\t\t\t<div class=\"e-con-inner\">\n\t\t\t\t<div class=\"elementor-element elementor-element-9481e1d elementor-widget elementor-widget-etlms-course-carousel tutor-addon etlms-course-carousel\" data-id=\"9481e1d\" data-element_type=\"widget\" data-e-type=\"widget\" data-settings=\"{&quot;etlms_course_carousel_column&quot;:&quot;2&quot;}\" data-widget_type=\"etlms-course-carousel.default\">\n\t\t\t\t<div class=\"elementor-widget-container\">\n\t\t\t\t\t<div class=\"tutor-wrap tutor-courses-wrap tutor-container etlms-carousel-main-wrap\">\n\t\n\t\t\n\t\t<div class=\"etlms-carousel-loop-wrap tutor-courses tutor-courses-loop-wrap tutor-courses-layout-2 etlms-coursel-classic etlms-carousel-dots-outside\" id=\"etlms-slick-responsive\">\n\t\t\t\t\t\t\t<div class=\"tutor-col-3\">\n\t\t\t\t\t<div class=\"tutor-card tutor-course-card tutor-loop-course-container etlms-course-card-classic etlms-has-hover-animation\">\n            <div class=\"tutor-course-thumbnail\">\n        <a href=\"https:\/\/peoplerelationsconsulting.com\/ca\/courses\/curs-protocol-dassetjament-sexual-o-per-rao-de-sexe\/\" class=\"tutor-d-block\">\n            <div class=\"tutor-ratio tutor-ratio-16x9\">\n                <img decoding=\"async\" class=\"tutor-card-image-top\" src=\"https:\/\/peoplerelationsconsulting.com\/wp-content\/uploads\/2023\/08\/plano-medio-personas-sentadas-sillas-768x535.jpg\" alt=\"Curs Protocol d&#8217;assetjament sexual o per ra\u00f3 de sexe\" loading=\"lazy\">\n            <\/div>\n        <\/a>\n    <\/div>\n\t<span class=\"tutor-course-difficulty-level\">\n        Intermediate    <\/span>\n\n    <div class=\"tutor-card-body\">\n        <div class=\"tutor-course-ratings tutor-mb-8\">\n    <div class=\"tutor-ratings\">\n        <div class=\"tutor-ratings-stars\">\n            <span class=\"tutor-icon-star-line\" data-rating-value=\"1\"><\/span><span class=\"tutor-icon-star-line\" data-rating-value=\"2\"><\/span><span class=\"tutor-icon-star-line\" data-rating-value=\"3\"><\/span><span class=\"tutor-icon-star-line\" data-rating-value=\"4\"><\/span><span class=\"tutor-icon-star-line\" data-rating-value=\"5\"><\/span>        <\/div>\n\n            <\/div>\n<\/div>\n<h3 class=\"tutor-course-name tutor-fs-5 tutor-fw-medium tutor-mb-12\" title=\"Curs Protocol d&#8217;assetjament sexual o per ra\u00f3 de sexe\">\n    <a href=\"https:\/\/peoplerelationsconsulting.com\/ca\/courses\/curs-protocol-dassetjament-sexual-o-per-rao-de-sexe\/\">Curs Protocol d&#8217;assetjament sexual o per ra\u00f3 de sexe<\/a>\n<\/h3>\n    <\/div>\n\n    <div class=\"tutor-card-footer\">\n\t\t\t\t\t<div class=\"tutor-d-flex tutor-align-center tutor-justify-between\">\n\t\t\t\t\t<div class=\"list-item-price tutor-d-flex tutor-align-center\">\n\t\t\t\t\t\t<span class=\"price tutor-fs-6 tutor-fw-bold tutor-color-black\">\n\t\t\t\t\t\t\t\t\t\t<div class=\"list-item-price tutor-item-price\">\n\t\t\t\t\t\t\t\t\t<span>\u20ac9.00<\/span>\n\t\t\t\t\t<del>\u20ac15.00<\/del>\n\t\t\t\t\t\t\t<\/div>\n\t\t\t\t\t\t\t\t\t\t\t<\/span>\n\t\t\t\t\t<\/div>\n\t\t\t\t\t<div class=\"list-item-button\"> \n\t\t\t\t\t\t\t\t\t<a href=\"https:\/\/peoplerelationsconsulting.com\/?post_type=page&#038;p=3432&#038;course_id=5036\" class=\"tutor-btn tutor-course-list-btn tutor-btn-outline-primary tutor-btn-block tutor-open-login-modal\">\n\t\t\t\tBuy Now\t\t\t<\/a>\n\t\t\t\t\t\t\t\t<\/div>\n\t\t\t\t<\/div>\n\t\t\t<\/div>\n<\/div>\t\t\t\t<\/div>\n\t\t\t\t\t\t\t\t<div class=\"tutor-col-3\">\n\t\t\t\t\t<div class=\"tutor-card tutor-course-card tutor-loop-course-container etlms-course-card-classic etlms-has-hover-animation\">\n            <div class=\"tutor-course-thumbnail\">\n        <a href=\"https:\/\/peoplerelationsconsulting.com\/ca\/courses\/protocol-de-prevencio-i-actuacio-davant-lassetjament-discriminatori-lgtbiq-a-lempresa\/\" class=\"tutor-d-block\">\n            <div class=\"tutor-ratio tutor-ratio-16x9\">\n                <img decoding=\"async\" class=\"tutor-card-image-top\" src=\"https:\/\/peoplerelationsconsulting.com\/wp-content\/uploads\/2023\/08\/retrovisor-diversas-personas-abrazandose-e1691346721612-768x505.jpg\" alt=\"Protocol de Prevenci\u00f3 i Actuaci\u00f3 davant l&#8217;Assetjament Discriminatori LGTBIQ+ a l&#8217;Empresa\" loading=\"lazy\">\n            <\/div>\n        <\/a>\n    <\/div>\n\t<span class=\"tutor-course-difficulty-level\">\n        All Levels    <\/span>\n\n    <div class=\"tutor-card-body\">\n        <div class=\"tutor-course-ratings tutor-mb-8\">\n    <div class=\"tutor-ratings\">\n        <div class=\"tutor-ratings-stars\">\n            <span class=\"tutor-icon-star-line\" data-rating-value=\"1\"><\/span><span class=\"tutor-icon-star-line\" data-rating-value=\"2\"><\/span><span class=\"tutor-icon-star-line\" data-rating-value=\"3\"><\/span><span class=\"tutor-icon-star-line\" data-rating-value=\"4\"><\/span><span class=\"tutor-icon-star-line\" data-rating-value=\"5\"><\/span>        <\/div>\n\n            <\/div>\n<\/div>\n<h3 class=\"tutor-course-name tutor-fs-5 tutor-fw-medium tutor-mb-12\" title=\"Protocol de Prevenci\u00f3 i Actuaci\u00f3 davant l&#8217;Assetjament Discriminatori LGTBIQ+ a l&#8217;Empresa\">\n    <a href=\"https:\/\/peoplerelationsconsulting.com\/ca\/courses\/protocol-de-prevencio-i-actuacio-davant-lassetjament-discriminatori-lgtbiq-a-lempresa\/\">Protocol de Prevenci\u00f3 i Actuaci\u00f3 davant l&#8217;Assetjament Discriminatori LGTBIQ+ a l&#8217;Empresa<\/a>\n<\/h3>\n    <\/div>\n\n    <div class=\"tutor-card-footer\">\n\t\t\t\t\t<div class=\"tutor-d-flex tutor-align-center tutor-justify-between\">\n\t\t\t\t\t<div class=\"list-item-price tutor-d-flex tutor-align-center\">\n\t\t\t\t\t\t<span class=\"price tutor-fs-6 tutor-fw-bold tutor-color-black\">\n\t\t\t\t\t\t\t\t\t\t<div class=\"list-item-price tutor-item-price\">\n\t\t\t\t\t\t\t\t\t<span>\u20ac9.00<\/span>\n\t\t\t\t\t<del>\u20ac15.00<\/del>\n\t\t\t\t\t\t\t<\/div>\n\t\t\t\t\t\t\t\t\t\t\t<\/span>\n\t\t\t\t\t<\/div>\n\t\t\t\t\t<div class=\"list-item-button\"> \n\t\t\t\t\t\t\t\t\t<a href=\"https:\/\/peoplerelationsconsulting.com\/?post_type=page&#038;p=3432&#038;course_id=5042\" class=\"tutor-btn tutor-course-list-btn tutor-btn-outline-primary tutor-btn-block tutor-open-login-modal\">\n\t\t\t\tBuy Now\t\t\t<\/a>\n\t\t\t\t\t\t\t\t<\/div>\n\t\t\t\t<\/div>\n\t\t\t<\/div>\n<\/div>\t\t\t\t<\/div>\n\t\t\t\t\t\t\t\t<div class=\"tutor-col-3\">\n\t\t\t\t\t<div class=\"tutor-card tutor-course-card tutor-loop-course-container etlms-course-card-classic etlms-has-hover-animation\">\n            <div class=\"tutor-course-thumbnail\">\n        <a href=\"https:\/\/peoplerelationsconsulting.com\/ca\/courses\/diversitat-lgbti-a-lempresa-claus-i-aportacions-estrategiques\/\" class=\"tutor-d-block\">\n            <div class=\"tutor-ratio tutor-ratio-16x9\">\n                <img decoding=\"async\" class=\"tutor-card-image-top\" src=\"https:\/\/peoplerelationsconsulting.com\/wp-content\/uploads\/2023\/08\/formacion-768x512.jpg\" alt=\"Diversitat LGBTI a l&#8217;Empresa: Claus i Aportacions Estrat\u00e8giques\" loading=\"lazy\">\n            <\/div>\n        <\/a>\n    <\/div>\n\t<span class=\"tutor-course-difficulty-level\">\n        Intermediate    <\/span>\n\n    <div class=\"tutor-card-body\">\n        <div class=\"tutor-course-ratings tutor-mb-8\">\n    <div class=\"tutor-ratings\">\n        <div class=\"tutor-ratings-stars\">\n            <span class=\"tutor-icon-star-line\" data-rating-value=\"1\"><\/span><span class=\"tutor-icon-star-line\" data-rating-value=\"2\"><\/span><span class=\"tutor-icon-star-line\" data-rating-value=\"3\"><\/span><span class=\"tutor-icon-star-line\" data-rating-value=\"4\"><\/span><span class=\"tutor-icon-star-line\" data-rating-value=\"5\"><\/span>        <\/div>\n\n            <\/div>\n<\/div>\n<h3 class=\"tutor-course-name tutor-fs-5 tutor-fw-medium tutor-mb-12\" title=\"Diversitat LGBTI a l&#8217;Empresa: Claus i Aportacions Estrat\u00e8giques\">\n    <a href=\"https:\/\/peoplerelationsconsulting.com\/ca\/courses\/diversitat-lgbti-a-lempresa-claus-i-aportacions-estrategiques\/\">Diversitat LGBTI a l&#8217;Empresa: Claus i Aportacions Estrat\u00e8giques<\/a>\n<\/h3>\n    <\/div>\n\n    <div class=\"tutor-card-footer\">\n\t\t\t\t\t<div class=\"tutor-d-flex tutor-align-center tutor-justify-between\">\n\t\t\t\t\t<div class=\"list-item-price tutor-d-flex tutor-align-center\">\n\t\t\t\t\t\t<span class=\"price tutor-fs-6 tutor-fw-bold tutor-color-black\">\n\t\t\t\t\t\t\t\t\t\t<div class=\"list-item-price tutor-item-price\">\n\t\t\t\t\t\t\t\t\t<span>\u20ac9.00<\/span>\n\t\t\t\t\t<del>\u20ac15.00<\/del>\n\t\t\t\t\t\t\t<\/div>\n\t\t\t\t\t\t\t\t\t\t\t<\/span>\n\t\t\t\t\t<\/div>\n\t\t\t\t\t<div class=\"list-item-button\"> \n\t\t\t\t\t\t\t\t\t<a href=\"https:\/\/peoplerelationsconsulting.com\/?post_type=page&#038;p=3432&#038;course_id=5040\" class=\"tutor-btn tutor-course-list-btn tutor-btn-outline-primary tutor-btn-block tutor-open-login-modal\">\n\t\t\t\tBuy Now\t\t\t<\/a>\n\t\t\t\t\t\t\t\t<\/div>\n\t\t\t\t<\/div>\n\t\t\t<\/div>\n<\/div>\t\t\t\t<\/div>\n\t\t\t\t\t\t<\/div>\n\n\t\t\t\t\t<div class=\"etlms-carousel-arrow etlms-carousel-arrow-prev arrow-default etlms-carousel-arrow-position-outside \">\n\t\t\t\t<i class=\"fa fa-angle-left\" aria-hidden=\"true\"><\/i>\n\t\t\t<\/div>\n\t\t\t<div class=\"etlms-carousel-arrow etlms-carousel-arrow-next arrow-default etlms-carousel-arrow-position-outside\">\n\t\t\t\t<i class=\"fa fa-angle-right\" aria-hidden=\"true\"><\/i>\n\t\t\t<\/div>\n\t\t\t\t\n\t<!-- handle elementor settings -->\n\t\t<div id=\"etlms_carousel_settings\" arrows=\"yes\" dots=\"no\" transition=\"600\" center=\"no\" smoth_scroll=\"linear\" auto_play=\"yes\" auto_play_speed=\"5000\" infinite_loop=\"yes\" pause_on_hover=\"yes\" desktop=\"2\" medium=\"2\" mobile=\"1\">\n\n\t<\/div>\n\t<input type=\"hidden\" id=\"etlms_enroll_btn_type\" value=\"\">\n\t<input type=\"hidden\" id=\"etlms_enroll_btn_cart\" value=\"\">\n<\/div>\n<div class=\"tutor-modal tutor-login-modal\" role=\"dialog\" aria-modal=\"true\" aria-labelledby=\"tutor-login-modal-title\" aria-hidden=\"true\">\n\t<div class=\"tutor-modal-overlay\"><\/div>\n\t<div class=\"tutor-modal-window tutor-modal-window-sm\">\n\t\t<div class=\"tutor-modal-content tutor-modal-content-white\">\n\t\t\t<button class=\"tutor-iconic-btn tutor-modal-close-o\" data-tutor-modal-close aria-label=\"Close login dialog\">\n\t\t\t\t<span class=\"tutor-icon-times\" aria-hidden=\"true\"><\/span>\n\t\t\t<\/button>\n\n\t\t\t<div class=\"tutor-modal-body\">\n\t\t\t\t<div class=\"tutor-py-48\">\n\t\t\t\t\t\t\t\t\t\t<div id=\"tutor-login-modal-title\" class=\"tutor-fs-4 tutor-fw-medium tutor-color-black tutor-mb-32\">Hi, Welcome back!<\/div>\n\t\t\t\t\t<form id=\"tutor-login-form\" method=\"post\">\n\t\t<input type=\"hidden\" id=\"_tutor_nonce\" name=\"_tutor_nonce\" value=\"5bc6c34a05\" \/><input type=\"hidden\" name=\"_wp_http_referer\" value=\"\/ca\/wp-json\/wp\/v2\/pages\/4732\" \/>\t<input type=\"hidden\" name=\"tutor_action\" value=\"tutor_user_login\" \/>\n\t<input type=\"hidden\" name=\"redirect_to\" value=\"https:\/\/peoplerelationsconsulting.com\/ca\/wp-json\/wp\/v2\/pages\/4732\" \/>\n\n\t<div class=\"tutor-mb-20\">\n\t\t<input type=\"text\" class=\"tutor-form-control\" placeholder=\"Username or Email Address\" name=\"log\" value=\"\" size=\"20\" required\/>\n\t<\/div>\n\n\t<div class=\"tutor-mb-32\">\n\t\t<input type=\"password\" class=\"tutor-form-control\" placeholder=\"Password\" name=\"pwd\" value=\"\" size=\"20\" required\/>\n\t<\/div>\n\n\t<div class=\"tutor-login-error\" role=\"alert\" aria-live=\"polite\"><\/div>\n\t\t\t<input type=\"hidden\" name=\"timezone\" value=\"+02:00\" \/>\n\t\t<script>\n\t\t\tdocument.addEventListener('DOMContentLoaded', function() {\n\t\t\t\tconst timezone = document.querySelector('input[name=\"timezone\"]');\n\t\t\t\tif ( timezone) {\n\t\t\t\t\tconst tz = Intl.DateTimeFormat().resolvedOptions().timeZone;\n\t\t\t\t\ttimezone.value = tz\n\t\t\t\t}\n\t\t\t});\n\t\t<\/script>\n\t\t\t\t\t<script src='https:\/\/www.google.com\/recaptcha\/api.js' async defer><\/script>\n\t\t\t<div class=\"g-recaptcha\" \n\t\t\t\t style=\"margin-bottom: 15px;transform: scale(0.89);transform-origin:0 0;\" \n\t\t\t\t data-sitekey=\"6LeydkMsAAAAAPQehfpnfBmbfHW-KtN0jgmpGhcp\"><\/div>\n\t\t\t\t<div class=\"tutor-d-flex tutor-justify-between tutor-align-center tutor-mb-40\">\n\t\t<div class=\"tutor-form-check\">\n\t\t\t<input id=\"tutor-login-agmnt-1\" type=\"checkbox\" class=\"tutor-form-check-input tutor-bg-black-40\" name=\"rememberme\" value=\"forever\" \/>\n\t\t\t<label for=\"tutor-login-agmnt-1\" class=\"tutor-fs-7 tutor-color-muted\">\n\t\t\t\tKeep me signed in\t\t\t<\/label>\n\t\t<\/div>\n\t\t<a href=\"https:\/\/peoplerelationsconsulting.com\/portal-formaciones\/retrieve-password\" class=\"tutor-btn tutor-btn-ghost\">\n\t\t\tForgot Password?\t\t<\/a>\n\t<\/div>\n\n\t\t<button type=\"submit\" class=\"tutor-btn tutor-btn-primary tutor-btn-block\">\n\t\tSign In\t<\/button>\n\n\t\t\t\t\t<div class=\"tutor-text-center tutor-fs-6 tutor-color-secondary tutor-mt-20\">\n\t\t\tDon&#039;t have an account?&nbsp;\n\t\t\t<a href=\"https:\/\/peoplerelationsconsulting.com\/registro-estudiantes\/?redirect_to=https:\/\/peoplerelationsconsulting.com\/ca\/wp-json\/wp\/v2\/pages\/4732\" class=\"tutor-btn tutor-btn-link\">\n\t\t\t\tRegister Now\t\t\t<\/a>\n\t\t<\/div>\n\t\t<\/form>\n<script>\n\tdocument.addEventListener('DOMContentLoaded', function() {\n\t\tvar loginModal = document.querySelector('.tutor-modal.tutor-login-modal');\n\t\tvar errors = [];\n\t\tif (loginModal && errors.length) {\n\t\t\tloginModal.classList.add('tutor-is-active');\n\t\t}\n\t});\n<\/script>\n\n\t\t\t\t\t\t\t\t\t<\/div>\n\t\t\t\t\t\t<style>\n\t\t\t#tutor-pro-twitter-login {\n\t\t\t\twidth: 400px; background-color: #00acee; border-color: #00acee; font-weight: bold;\n\t\t\t}\n\t\t<\/style>\n\t\t<div id=\"tutor-pro-social-authentication\" class=\"tutor-pt-24 tutor-d-flex tutor-flex-column tutor-align-center tutor-border-top-light\" style=\"gap: 10px;\">\n\t\t\t\t\t<\/div>\n\t\t\t\t\t<\/div>\n\t\t<\/div>\n\t<\/div>\n<\/div>\n\t\t\t\t<\/div>\n\t\t\t\t<\/div>\n\t\t\t\t\t<\/div>\n\t\t\t\t<\/div>\n\t\t\t\t<\/div>\n\t\t","protected":false},"excerpt":{"rendered":"<p>1. Igualtat, diversitat i protocols d&#8217;assetjament Intermedio Diversidad LGBTI en la Empresa: Claves y Aportaciones Estrat\u00e9gicas Empezar el aprendizaje Todos los niveles Protocolo de Prevenci\u00f3n y Actuaci\u00f3n ante el Acoso Discriminatorio LGTBIQ+ en la Empresa 1 Continuar aprendiendo Intermedio Curso Protocolo acoso sexual o por raz\u00f3n de sexo 2 Download Certificate<\/p>\n","protected":false},"author":1,"featured_media":0,"parent":0,"menu_order":0,"comment_status":"closed","ping_status":"closed","template":"","meta":{"site-sidebar-layout":"no-sidebar","site-content-layout":"","ast-site-content-layout":"full-width-container","site-content-style":"default","site-sidebar-style":"default","ast-global-header-display":"","ast-banner-title-visibility":"","ast-main-header-display":"","ast-hfb-above-header-display":"","ast-hfb-below-header-display":"","ast-hfb-mobile-header-display":"","site-post-title":"disabled","ast-breadcrumbs-content":"","ast-featured-img":"disabled","footer-sml-layout":"","ast-disable-related-posts":"","theme-transparent-header-meta":"","adv-header-id-meta":"","stick-header-meta":"","header-above-stick-meta":"","header-main-stick-meta":"","header-below-stick-meta":"","astra-migrate-meta-layouts":"default","ast-page-background-enabled":"default","ast-page-background-meta":{"desktop":{"background-color":"var(--ast-global-color-4)","background-image":"","background-repeat":"repeat","background-position":"center center","background-size":"auto","background-attachment":"scroll","background-type":"","background-media":"","overlay-type":"","overlay-color":"","overlay-opacity":"","overlay-gradient":""},"tablet":{"background-color":"","background-image":"","background-repeat":"repeat","background-position":"center center","background-size":"auto","background-attachment":"scroll","background-type":"","background-media":"","overlay-type":"","overlay-color":"","overlay-opacity":"","overlay-gradient":""},"mobile":{"background-color":"","background-image":"","background-repeat":"repeat","background-position":"center center","background-size":"auto","background-attachment":"scroll","background-type":"","background-media":"","overlay-type":"","overlay-color":"","overlay-opacity":"","overlay-gradient":""}},"ast-content-background-meta":{"desktop":{"background-color":"var(--ast-global-color-5)","background-image":"","background-repeat":"repeat","background-position":"center center","background-size":"auto","background-attachment":"scroll","background-type":"","background-media":"","overlay-type":"","overlay-color":"","overlay-opacity":"","overlay-gradient":""},"tablet":{"background-color":"var(--ast-global-color-5)","background-image":"","background-repeat":"repeat","background-position":"center center","background-size":"auto","background-attachment":"scroll","background-type":"","background-media":"","overlay-type":"","overlay-color":"","overlay-opacity":"","overlay-gradient":""},"mobile":{"background-color":"var(--ast-global-color-5)","background-image":"","background-repeat":"repeat","background-position":"center center","background-size":"auto","background-attachment":"scroll","background-type":"","background-media":"","overlay-type":"","overlay-color":"","overlay-opacity":"","overlay-gradient":""}},"_joinchat":[],"footnotes":""},"class_list":["post-4732","page","type-page","status-publish","hentry"],"_links":{"self":[{"href":"https:\/\/peoplerelationsconsulting.com\/ca\/wp-json\/wp\/v2\/pages\/4732","targetHints":{"allow":["GET"]}}],"collection":[{"href":"https:\/\/peoplerelationsconsulting.com\/ca\/wp-json\/wp\/v2\/pages"}],"about":[{"href":"https:\/\/peoplerelationsconsulting.com\/ca\/wp-json\/wp\/v2\/types\/page"}],"author":[{"embeddable":true,"href":"https:\/\/peoplerelationsconsulting.com\/ca\/wp-json\/wp\/v2\/users\/1"}],"replies":[{"embeddable":true,"href":"https:\/\/peoplerelationsconsulting.com\/ca\/wp-json\/wp\/v2\/comments?post=4732"}],"version-history":[{"count":1,"href":"https:\/\/peoplerelationsconsulting.com\/ca\/wp-json\/wp\/v2\/pages\/4732\/revisions"}],"predecessor-version":[{"id":4733,"href":"https:\/\/peoplerelationsconsulting.com\/ca\/wp-json\/wp\/v2\/pages\/4732\/revisions\/4733"}],"wp:attachment":[{"href":"https:\/\/peoplerelationsconsulting.com\/ca\/wp-json\/wp\/v2\/media?parent=4732"}],"curies":[{"name":"wp","href":"https:\/\/api.w.org\/{rel}","templated":true}]}}